{"id":624,"date":"2016-03-03T09:38:33","date_gmt":"2016-03-03T09:38:33","guid":{"rendered":"https:\/\/almadiasdenavarra.com\/dia-de-la-almadia\/concurso-fotografico\/?lang=eu"},"modified":"2024-03-15T13:49:58","modified_gmt":"2024-03-15T13:49:58","slug":"concurso-fotografico","status":"publish","type":"page","link":"https:\/\/almadiasdenavarra.com\/eu\/almadiaren-eguna\/concurso-fotografico\/","title":{"rendered":"Argazki  Lehiaketa"},"content":{"rendered":"<h2>ARGAZKI  LEHIAKETA  ALMADIAREN  EGUNA  2019<\/h2>\n<p>Almadiaren  eguna  dela  eta,  Nafarroako  Almadiazainen  Kultur  Elkarteak,  A-Mano,  Urandi  landa-etxea,  Nafarroako  Argazkigintza  eta  Zinemagintza  Elkartea  eta  Eurolanekin  batera,  XVII.  Argazki  Lehiaketa  antolatu  du.<\/p>\n<p><strong>GAIA  <\/strong>Lehiaketak:  <strong>\u201cAlmadiaren  eguna\u201d  <\/strong>hobekien  erakusten  duten  argazkiak  sarituko  ditu.<\/p>\n<p><strong>OINARRIAK.<\/strong>  Hona  hemen  lehiaketaren  oinarriak:<\/p>\n<ul>\n<li><strong>PARTE-HARTZEA  <\/strong>Parte-hartzea  doakoa  da  eta  argazkiak  bidaltzean  burutuko  da.  18  urtetik  gorako  edonork  parte  har  dezake,  nazionalitatea  edo&nbsp;  bizitokia  edozein  dela  ere.  Egile  bakoitzak,  gehienez,  5  argazki  aurkeztu  ahalko  ditu.<\/li>\n<li><strong>ARGAZKIAK  AURKEZTEA  <\/strong>Argazkiak  ondoko  helbide  elektronikora  bidali  beharko  dira:  <a href=\"mailto:concursofotograficoalmadia@gmail.com\">concursofotograficoalmadia@gmail.com.&nbsp;<\/a><br \/>\nArgazkiak  JPG,  TIFF  edo  PDF  formatuan  bidaliko  dira,  eta  gehienez  ere  15  Mb-ko  tamaina  izango  dute.<\/li>\n<li><strong>AURKEZTEKO  EPEA<\/strong>  2022ko  maiatzaren  31ko  21:00etan  amaituko  da.  Epaimahaiak,  antolatzaileek  izendatua,  oinarriak  betetzen  ez  dituzten  argazkiak  lehiaketatik  kanpo  utzi  ahalko  ditu.<\/li>\n<li><strong>SARIAK  ETA  EPAIA<\/strong>\n<ul>\n<li>Lehen  saria:  Artisau  produktuen  sorta  bat  eta  Burgiko  Urandi  landa-  etxean  bi  lagunentzako  asteburu  bat.<\/li>\n<li>Bigarren  saria:  Argazki  baten  inprimaketa  60x40cmko  tamainako  Dibon  batean,  Eurolanen  opari;  eta  artisau  produktuen  sorta  bat.<\/li>\n<li>Hirugarren  saria:  Artisau  produktuen  sorta  bat.<\/li>\n<\/ul>\n<\/li>\n<li><strong>Lehiaketaren  epaia<\/strong>  uztailaren  1a  baino  lehen  argitaratuko  da.  Sarituei  zuzenean  jakinaraziko  zaie.  Egun  horretatik  aurrera  webgunean  kontsultatu  ahalko  da:  <a href=\"http:\/\/www.almadiasdenavarra.com\/\">www.almadiasdenavarra.com.<\/a><\/li>\n<\/ul>\n","protected":false},"excerpt":{"rendered":"<p>CONCURSO  FOTOGR\u00c1FICO  D\u00cdA    DE    LA    ALMAD\u00cdA  2017<\/p>\n<p>La  Asociaci\u00f3n  Cultural  de  Almadieros  Navarros,  con  la  colaboraci\u00f3n  de  Napar  Bideak,  Casa  Rural  Urandi,  Agrupaci\u00f3n  Fotogr\u00e1fica  y  Cinematogr\u00e1fica  de  Navarra  y  Eurolan,  convoca  el  XIV  Concurso  de  Fotograf\u00eda  con  motivo  de  la  celebraci\u00f3n  del  tradicional  D\u00eda  de  la  Almad\u00eda.<\/p>\n","protected":false},"author":1,"featured_media":0,"parent":611,"menu_order":0,"comment_status":"closed","ping_status":"closed","template":"","meta":{"_et_pb_use_builder":"off","_et_pb_old_content":"<h2>ARGAZKI LEHIAKETA ALMADIAREN EGUNA 2019<\/h2>\r\nAlmadiaren eguna dela eta, Nafarroako Almadiazainen Kultur Elkarteak, A-Mano, Urandi landa-etxea, Nafarroako Argazkigintza eta Zinemagintza Elkartea eta Eurolanekin batera, XVII. Argazki Lehiaketa antolatu du.\r\n\r\n<strong>GAIA <\/strong>Lehiaketak: <strong>\u201cAlmadiaren eguna\u201d <\/strong>hobekien erakusten duten argazkiak sarituko ditu.\r\n\r\n<strong>OINARRIAK.<\/strong> Hona hemen lehiaketaren oinarriak:\r\n<ul>\r\n \t<li><strong>PARTE-HARTZEA <\/strong>Parte-hartzea doakoa da eta argazkiak bidaltzean burutuko da. 18 urtetik gorako edonork parte har dezake, nazionalitatea edo\u00a0 bizitokia edozein dela ere. Egile bakoitzak, gehienez, 5 argazki aurkeztu ahalko ditu.<\/li>\r\n \t<li><strong>ARGAZKIAK AURKEZTEA <\/strong>Argazkiak ondoko helbide elektronikora bidali beharko dira: <a href=\"mailto:concursofotograficoalmadia@gmail.com\">concursofotograficoalmadia@gmail.com.\u00a0<\/a>\r\nArgazkiak JPG, TIFF edo PDF formatuan bidaliko dira, eta gehienez ere 15 Mb-ko tamaina izango dute.<\/li>\r\n \t<li><strong>AURKEZTEKO EPEA<\/strong> 2022ko maiatzaren 31ko 21:00etan amaituko da. Epaimahaiak, antolatzaileek izendatua, oinarriak betetzen ez dituzten argazkiak lehiaketatik kanpo utzi ahalko ditu.<\/li>\r\n \t<li><strong>SARIAK ETA EPAIA<\/strong>\r\n<ul>\r\n \t<li>Lehen saria: Artisau produktuen sorta bat eta Burgiko Urandi landa- etxean bi lagunentzako asteburu bat.<\/li>\r\n \t<li>Bigarren saria: Argazki baten inprimaketa 60x40cmko tamainako Dibon batean, Eurolanen opari; eta artisau produktuen sorta bat.<\/li>\r\n \t<li>Hirugarren saria: Artisau produktuen sorta bat.<\/li>\r\n<\/ul>\r\n<\/li>\r\n \t<li><strong>Lehiaketaren epaia<\/strong> uztailaren 1a baino lehen argitaratuko da. Sarituei zuzenean jakinaraziko zaie. Egun horretatik aurrera webgunean kontsultatu ahalko da: <a href=\"http:\/\/www.almadiasdenavarra.com\/\">www.almadiasdenavarra.com.<\/a><\/li>\r\n<\/ul>","_et_gb_content_width":"","ngg_post_thumbnail":0,"footnotes":""},"class_list":["post-624","page","type-page","status-publish","hentry"],"_links":{"self":[{"href":"https:\/\/almadiasdenavarra.com\/eu\/wp-json\/wp\/v2\/pages\/624","targetHints":{"allow":["GET"]}}],"collection":[{"href":"https:\/\/almadiasdenavarra.com\/eu\/wp-json\/wp\/v2\/pages"}],"about":[{"href":"https:\/\/almadiasdenavarra.com\/eu\/wp-json\/wp\/v2\/types\/page"}],"author":[{"embeddable":true,"href":"https:\/\/almadiasdenavarra.com\/eu\/wp-json\/wp\/v2\/users\/1"}],"replies":[{"embeddable":true,"href":"https:\/\/almadiasdenavarra.com\/eu\/wp-json\/wp\/v2\/comments?post=624"}],"version-history":[{"count":13,"href":"https:\/\/almadiasdenavarra.com\/eu\/wp-json\/wp\/v2\/pages\/624\/revisions"}],"predecessor-version":[{"id":16325,"href":"https:\/\/almadiasdenavarra.com\/eu\/wp-json\/wp\/v2\/pages\/624\/revisions\/16325"}],"up":[{"embeddable":true,"href":"https:\/\/almadiasdenavarra.com\/eu\/wp-json\/wp\/v2\/pages\/611"}],"wp:attachment":[{"href":"https:\/\/almadiasdenavarra.com\/eu\/wp-json\/wp\/v2\/media?parent=624"}],"curies":[{"name":"wp","href":"https:\/\/api.w.org\/{rel}","templated":true}]}}