{"id":589,"date":"2016-03-03T10:03:32","date_gmt":"2016-03-03T10:03:32","guid":{"rendered":"https:\/\/almadiasdenavarra.com\/pueblo-de-los-oficios\/carbonera\/introduccion\/?lang=eu"},"modified":"2024-03-20T09:00:49","modified_gmt":"2024-03-20T09:00:49","slug":"sarrera","status":"publish","type":"page","link":"https:\/\/almadiasdenavarra.com\/eu\/lanbideen-herria\/ikaztegi\/sarrera\/","title":{"rendered":"Ikaztegia"},"content":{"rendered":"<p>[et_pb_section  fb_built=&#8221;1&#8243;  _builder_version=&#8221;4.16&#8243;  global_colors_info=&#8221;{}&#8221;][et_pb_row  _builder_version=&#8221;4.16&#8243;  background_size=&#8221;initial&#8221;  background_position=&#8221;top_left&#8221;  background_repeat=&#8221;repeat&#8221;  global_colors_info=&#8221;{}&#8221;  column_structure=&#8221;1_4,1_2,1_4&#8243;][et_pb_column  type=&#8221;1_4&#8243;  _builder_version=&#8221;4.16&#8243;  custom_padding=&#8221;|||&#8221;  global_colors_info=&#8221;{}&#8221;  custom_padding__hover=&#8221;|||&#8221;][et_pb_image  src=&#8221;https:\/\/almadiasdenavarra.com\/wp-content\/uploads\/2018\/02\/Carbonera-1-1.jpg&#8221;  align_tablet=&#8221;center&#8221;  align_last_edited=&#8221;on|desktop&#8221;  _builder_version=&#8221;4.16&#8243;  global_colors_info=&#8221;{}&#8221;  align_phone=&#8221;center&#8221;][\/et_pb_image][et_pb_gallery  gallery_ids=&#8221;3473,3472,3470,3474,3471,3503&#8243;  posts_number=&#8221;10&#8243;  show_title_and_caption=&#8221;off&#8221;  disabled_on=&#8221;on|on|off&#8221;  _builder_version=&#8221;4.16&#8243;  global_colors_info=&#8221;{}&#8221;][\/et_pb_gallery][\/et_pb_column][et_pb_column  type=&#8221;1_2&#8243;  _builder_version=&#8221;4.16&#8243;  custom_padding=&#8221;|||&#8221;  global_colors_info=&#8221;{}&#8221;  custom_padding__hover=&#8221;|||&#8221;][et_pb_text  _builder_version=&#8221;4.16&#8243;  global_colors_info=&#8221;{}&#8221;]<\/p>\n<p>Erronkari  ibarra,  mendetan,  ikazkin  lurra  ere  izan  da.<\/p>\n<p>Erronkariko  beste  herri  batzuetan  ez  bezala,  Burgin,  azkeneko  urteetan  bederen,  ikazkin  batzuk  kanpotarrak  ziren.<\/p>\n<p>Ikazkinen  lanbidea  XX.  mendearen  erdialdera  arte  egon  zen  bizirik  herri  honetan  (1950).  Egur-ikatza  egiten  zuten.<\/p>\n<p>Zenbait  herritarrek  beren  arbola  batzuk  saltzen  zizkieten  horretarako  (pagoa,  txaparra,  artea&#8230;.).  Gero,  ikazkinek  berek  botatzen  zituzten  erositako  arbolak.  Enbor  lodi  samarrak  eta  zuzenenak  zura  egiteko  bereizten  zituzten.<\/p>\n<p>Gainerakoa  ikatza  egiteko  baliatzen  zen.  Arbolak  bota  eta  puskatu  ondoren,  egurra  lehortzen  uzten  zen  denbora  tarte  batean.<\/p>\n<p><strong>Ikaztegiaren  eraikintza<\/strong><\/p>\n<p>Materiala  lehor  zegoenean,  larrain  moduko  zerbait  prestatzen  zuten  (toki  zelai  bat),  ikaztegia  alegia.  Erdialdean  enbor  hoberenak  paratzen  zituzten.  Kanpoko  aldean,  aldiz,  egur  kaxkarrena.<\/p>\n<p>Pixkana-pixkana,  zirkulu  kontzentrikoak  eginez,  txondorra  eraikitzen  zen,  egur  pila  handituz  bai  altueran  bai  zabaltasunean,  kono  itxurarekin.  Geroago  egur  pila  lasto,  iratze  eta  ezpel-adarrez  estaltzen  zen,  txondorraren  gainean  jartzen  zitzaion  lur  xehetua  barrenera  sar  ez  zedin.<\/p>\n<p>Txondorraren  inguruan,  lur  arrasean,  encendallo  koroa  jartzen  zuten,  landare  idorrak  (otea,  ezpela\u2026).<\/p>\n<p>Goitik  ematen  zitzaion  sua,  txondorraren  tontorreko  zulotik,  ikaztobitik  alegia.  Ikazkinak  bertaraino  igotzen  ziren,  eskailera  batetik.  Maiz  egin  behar  izaten  zuten  lan  bera:  sugarra  bizitu,  eta  berriz  estali,  sua,  gutxika-gutxika,  barren-barreneraino  sar  zedin.  Alboetan  ere  ziloak  irekitzen  zituzten,  suak  txondor  guztia  hartzeko,  eta  ez  erdialdea  bakarrik.<\/p>\n<p>Zeregin  luze  eta  arriskutsua  zen,  langilea  etengabe  erne  egonarazten  zuena.  Hamabost  egun  iraganik,  ikatza  egina  zegoen,  eta,  asto  edo  mando  gainean,  errepideraino  garraiatzen  zen  zakutan.<\/p>\n<p>Errendimendua,  normalean,  erabilitako  egurraren  herena  izaten  zen.  Adibidez,  15.000  kiloko  txondor  batek  5.000  kilo  ikatz  inguru  ematen  zuen.<\/p>\n<p><strong>Ikaztegiak  Burgin<\/strong><\/p>\n<p>Burgin  herriko  toki  batean  baino  gehiagotan  egiten  zen  ikatza:  Uga\u00f1ain,  Sagarraga,  Zegarra\u2026.  Eguraldi  oneko  hilabeteetan  egiten  zen  ikatza,  martxotik  urrira  bitartean.  Ikazkinak  mendian  gelditzen  ziren,  hurbileko  bordaren  batean,  ikatza  egiten  zen  garaian.  Herrian  ez  ziren  askorik  nabarmentzen.<\/p>\n<p>Dena  dela,  gauza  jakina  da  (1940tik  1950era  bitarteko  hamarkadan)  Uga\u00f1ainen  ikazkin  bat  hil  zela,  ikaztegian  lanean  ari  zela.<\/p>\n<p><strong>Ikazkina<\/strong><\/p>\n<p>Ikazkinarena  antzinako  lanbidea  da,  arriskutsua,  bakardadean  egiten  zena.  Diru  gutxi  ematen  zuen,  egurgileari  eta  ikazkinari  behinik  behin.<\/p>\n<p>Egurraren  inguruan  gure  mendietan  bizirik  zegoen  ogibide  sail  horretako  bat  zen  ikazkintza.<\/p>\n<p>[\/et_pb_text][\/et_pb_column][et_pb_column  type=&#8221;1_4&#8243;  _builder_version=&#8221;4.16&#8243;  custom_padding=&#8221;|||&#8221;  global_colors_info=&#8221;{}&#8221;  custom_padding__hover=&#8221;|||&#8221;][et_pb_sidebar  _builder_version=&#8221;4.24.2&#8243;  _module_preset=&#8221;default&#8221;  area=&#8221;et_pb_widget_area_2&#8243;  hover_enabled=&#8221;0&#8243;  sticky_enabled=&#8221;0&#8243;][\/et_pb_sidebar][\/et_pb_column][\/et_pb_row][\/et_pb_section]<\/p>\n","protected":false},"excerpt":{"rendered":"<p>Erronkari  ibarra,  mendetan,  ikazkin  lurra  ere  izan  da.  Erronkariko  beste  herri  batzuetan  ez  bezala,  Burgin,  azkeneko  urteetan  bederen,  ikazkin  batzuk  kanpotarrak  ziren.  Ikazkinen  lanbidea  XX.  mendearen  erdialdera  arte  egon  zen  bizirik  herri  honetan  (1950).  Egur-ikatza  egiten  zuten.  Zenbait  herritarrek  beren  arbola  batzuk  saltzen  zizkieten  horretarako  (pagoa,  txaparra,  artea&#8230;.).  Gero,  ikazkinek  berek  botatzen  zituzten  erositako  arbolak.  Enbor  lodi  samarrak  eta  zuzenenak  zura  egiteko  bereizten  zituzten.  Gainerakoa  ikatza  egiteko  baliatzen  zen.  Arbolak  bota  eta  puskatu  ondoren,  egurra  lehortzen  uzten  zen  denbora  tarte  batean.  Ikaztegiaren  eraikintza  Materiala  lehor  zegoenean,  larrain  moduko  zerbait  prestatzen  zuten  (toki  zelai  bat),  ikaztegia  alegia.  Erdialdean  enbor  hoberenak  paratzen  zituzten.  Kanpoko  aldean,  aldiz,  egur  kaxkarrena.  Pixkana-pixkana,  zirkulu  kontzentrikoak  eginez,  txondorra  eraikitzen  zen,  egur  pila  handituz  bai  altueran  bai  zabaltasunean,  kono  itxurarekin.  Geroago  egur  pila  lasto,  iratze  eta  ezpel-adarrez  estaltzen  zen,  txondorraren  gainean  jartzen  zitzaion  lur  xehetua  barrenera  sar  ez  zedin.  Txondorraren  inguruan,  lur  arrasean,  encendallo  koroa  jartzen  zuten,  landare  idorrak  (otea,  ezpela\u2026).  Goitik  ematen  zitzaion  sua,  txondorraren  tontorreko  zulotik,  ikaztobitik  alegia.  Ikazkinak  bertaraino  igotzen  ziren,  eskailera  batetik.  Maiz  egin  behar  izaten  zuten  lan  bera:  sugarra  bizitu,  eta  berriz  estali,  sua,  gutxika-gutxika,  barren-barreneraino  sar  zedin.  Alboetan  ere  ziloak  irekitzen  zituzten,  suak  txondor  guztia  hartzeko,  eta  ez  erdialdea  bakarrik.  Zeregin  luze  [&hellip;]<\/p>\n","protected":false},"author":1,"featured_media":0,"parent":581,"menu_order":0,"comment_status":"closed","ping_status":"closed","template":"","meta":{"_et_pb_use_builder":"on","_et_pb_old_content":"<p><img class=\"alignright size-full wp-image-340\" src=\"https:\/\/almadiasdenavarra.com\/wp-content\/uploads\/2016\/03\/carbon1.jpg\" alt=\"carbon1\" width=\"288\" height=\"255\">El valle de Roncal ha sido tambi\u00e9n, durante siglos, tierra de carboneros.<\/p><p>A diferencia de otras localidades roncalesas, en Burgui, al menos en los \u00faltimos tiempos algunos carboneros eran forasteros.<\/p><p>El oficio de carbonero existi\u00f3 en este pueblo hasta casi la mitad del siglo XX (1950); elaboraban el denominado carb\u00f3n vegetal.<\/p><p>Algunos vecinos del pueblo les vend\u00edan una cantidad determinada de \u00e1rboles (haya, chaparro, encina....) de su propiedad.<\/p><p>Luego los propios carboneros talaban los \u00e1rboles comprados. Algunos troncos de cierto grosor y m\u00e1s lisos los separaban para madera. El resto del material se aprovechaba para carb\u00f3n. Una vez cortados y troceados los \u00e1rboles, los dejaban un tiempo a secar.<\/p><p><img class=\"size-medium wp-image-342 aligncenter\" src=\"https:\/\/almadiasdenavarra.com\/wp-content\/uploads\/2016\/03\/carbon9-300x193.jpg\" alt=\"carbon9\" width=\"300\" height=\"193\"><\/p>","_et_gb_content_width":"","ngg_post_thumbnail":0,"footnotes":""},"class_list":["post-589","page","type-page","status-publish","hentry"],"_links":{"self":[{"href":"https:\/\/almadiasdenavarra.com\/eu\/wp-json\/wp\/v2\/pages\/589","targetHints":{"allow":["GET"]}}],"collection":[{"href":"https:\/\/almadiasdenavarra.com\/eu\/wp-json\/wp\/v2\/pages"}],"about":[{"href":"https:\/\/almadiasdenavarra.com\/eu\/wp-json\/wp\/v2\/types\/page"}],"author":[{"embeddable":true,"href":"https:\/\/almadiasdenavarra.com\/eu\/wp-json\/wp\/v2\/users\/1"}],"replies":[{"embeddable":true,"href":"https:\/\/almadiasdenavarra.com\/eu\/wp-json\/wp\/v2\/comments?post=589"}],"version-history":[{"count":8,"href":"https:\/\/almadiasdenavarra.com\/eu\/wp-json\/wp\/v2\/pages\/589\/revisions"}],"predecessor-version":[{"id":16704,"href":"https:\/\/almadiasdenavarra.com\/eu\/wp-json\/wp\/v2\/pages\/589\/revisions\/16704"}],"up":[{"embeddable":true,"href":"https:\/\/almadiasdenavarra.com\/eu\/wp-json\/wp\/v2\/pages\/581"}],"wp:attachment":[{"href":"https:\/\/almadiasdenavarra.com\/eu\/wp-json\/wp\/v2\/media?parent=589"}],"curies":[{"name":"wp","href":"https:\/\/api.w.org\/{rel}","templated":true}]}}