{"id":541,"date":"2016-03-03T09:59:58","date_gmt":"2016-03-03T09:59:58","guid":{"rendered":"https:\/\/almadiasdenavarra.com\/pueblo-de-los-oficios\/la-nivera\/comercio-de-la-nieve\/?lang=eu"},"modified":"2016-05-12T15:14:52","modified_gmt":"2016-05-12T15:14:52","slug":"elurraren-merkataritza","status":"publish","type":"page","link":"https:\/\/almadiasdenavarra.com\/eu\/lanbideen-herria\/elur-zuloa\/elurraren-merkataritza\/","title":{"rendered":"Elurraren  merkataritza"},"content":{"rendered":"<p><img loading=\"lazy\" decoding=\"async\" class=\"alignright size-medium wp-image-327\" src=\"https:\/\/almadiasdenavarra.com\/wp-content\/uploads\/2016\/03\/nivera_comercio-300x271.jpg\" alt=\"nivera_comercio\" width=\"300\" height=\"271\" srcset=\"https:\/\/almadiasdenavarra.com\/wp-content\/uploads\/2016\/03\/nivera_comercio-300x271.jpg 300w, https:\/\/almadiasdenavarra.com\/wp-content\/uploads\/2016\/03\/nivera_comercio-768x694.jpg 768w, https:\/\/almadiasdenavarra.com\/wp-content\/uploads\/2016\/03\/nivera_comercio.jpg 800w\" sizes=\"(max-width: 300px) 100vw, 300px\" \/>La  extracci\u00f3n  de  la  nieve  para  su  distribuci\u00f3n  y  venta  comenzaba,  por  lo  general,  a  partir  de  abril  o  mayo.  Se  vend\u00eda  libre  de  paja  al  por  mayor  pes\u00e1ndola  en  la  romana  o  al  por  menor  mediante  balanza  de  platillos,  uno  de  ellos  obligatoriamente  agujereado  para  dejar  escurrir  el  agua.<\/p>\n","protected":false},"excerpt":{"rendered":"<p>La  extracci\u00f3n  de  la  nieve  para  su  distribuci\u00f3n  y  venta  comenzaba,  por  lo  general,  a  partir  de  abril  o  mayo.  Se  vend\u00eda  libre  de  paja  al  por  mayor  pes\u00e1ndola  en  la  romana  o  al  por  menor  mediante  balanza  de  platillos,  uno  de  ellos  obligatoriamente  agujereado  para  dejar  escurrir  el  agua.<\/p>\n","protected":false},"author":1,"featured_media":0,"parent":534,"menu_order":0,"comment_status":"closed","ping_status":"closed","template":"","meta":{"_et_pb_use_builder":"","_et_pb_old_content":"","_et_gb_content_width":"","ngg_post_thumbnail":0,"footnotes":""},"class_list":["post-541","page","type-page","status-publish","hentry"],"_links":{"self":[{"href":"https:\/\/almadiasdenavarra.com\/eu\/wp-json\/wp\/v2\/pages\/541","targetHints":{"allow":["GET"]}}],"collection":[{"href":"https:\/\/almadiasdenavarra.com\/eu\/wp-json\/wp\/v2\/pages"}],"about":[{"href":"https:\/\/almadiasdenavarra.com\/eu\/wp-json\/wp\/v2\/types\/page"}],"author":[{"embeddable":true,"href":"https:\/\/almadiasdenavarra.com\/eu\/wp-json\/wp\/v2\/users\/1"}],"replies":[{"embeddable":true,"href":"https:\/\/almadiasdenavarra.com\/eu\/wp-json\/wp\/v2\/comments?post=541"}],"version-history":[{"count":1,"href":"https:\/\/almadiasdenavarra.com\/eu\/wp-json\/wp\/v2\/pages\/541\/revisions"}],"predecessor-version":[{"id":542,"href":"https:\/\/almadiasdenavarra.com\/eu\/wp-json\/wp\/v2\/pages\/541\/revisions\/542"}],"up":[{"embeddable":true,"href":"https:\/\/almadiasdenavarra.com\/eu\/wp-json\/wp\/v2\/pages\/534"}],"wp:attachment":[{"href":"https:\/\/almadiasdenavarra.com\/eu\/wp-json\/wp\/v2\/media?parent=541"}],"curies":[{"name":"wp","href":"https:\/\/api.w.org\/{rel}","templated":true}]}}