{"id":526,"date":"2016-03-03T10:19:08","date_gmt":"2016-03-03T10:19:08","guid":{"rendered":"https:\/\/almadiasdenavarra.com\/pueblo-de-los-oficios\/la-calera\/que-es-una-calera\/?lang=eu"},"modified":"2024-03-20T09:30:29","modified_gmt":"2024-03-20T09:30:29","slug":"zer-da","status":"publish","type":"page","link":"https:\/\/almadiasdenavarra.com\/eu\/lanbideen-herria\/latsun-labea\/zer-da\/","title":{"rendered":"Latsun  labea"},"content":{"rendered":"<p>[et_pb_section  fb_built=&#8221;1&#8243;  _builder_version=&#8221;4.16&#8243;  global_colors_info=&#8221;{}&#8221;][et_pb_row  column_structure=&#8221;1_4,1_2,1_4&#8243;  _builder_version=&#8221;4.16&#8243;  background_size=&#8221;initial&#8221;  background_position=&#8221;top_left&#8221;  background_repeat=&#8221;repeat&#8221;  global_colors_info=&#8221;{}&#8221;][et_pb_column  type=&#8221;1_4&#8243;  _builder_version=&#8221;4.16&#8243;  custom_padding=&#8221;|||&#8221;  global_colors_info=&#8221;{}&#8221;  custom_padding__hover=&#8221;|||&#8221;][et_pb_image  src=&#8221;https:\/\/almadiasdenavarra.com\/wp-content\/uploads\/2018\/02\/calera_exterior-300&#215;225-1.jpg&#8221;  align_tablet=&#8221;center&#8221;  align_phone=&#8221;center&#8221;  align_last_edited=&#8221;on|desktop&#8221;  _builder_version=&#8221;4.16&#8243;  global_colors_info=&#8221;{}&#8221;][\/et_pb_image][et_pb_gallery  gallery_ids=&#8221;3517,3518,3520,3514,3513,3515&#8243;  posts_number=&#8221;10&#8243;  show_title_and_caption=&#8221;off&#8221;  disabled_on=&#8221;on|on|off&#8221;  _builder_version=&#8221;4.16&#8243;  global_colors_info=&#8221;{}&#8221;][\/et_pb_gallery][\/et_pb_column][et_pb_column  type=&#8221;1_2&#8243;  _builder_version=&#8221;4.16&#8243;  custom_padding=&#8221;|||&#8221;  global_colors_info=&#8221;{}&#8221;  custom_padding__hover=&#8221;|||&#8221;][et_pb_text  _builder_version=&#8221;4.16&#8243;  global_colors_info=&#8221;{}&#8221;]<\/p>\n<p>Latsuna  eskuratzeko  kareharriak  erretzen  ziren  labeetan.<\/p>\n<p>Gehienetan,  latsun-labea  harlangaitz  erregogorrezko  egitura  txiki  bat  zen,  kargatzeko  zuloa  eta  barne  ganga  zituena.  Ganga  hori  ordenan  paratutako  kareharriz  egina  zen.  Barrenean  sua  pizten  zen,  erregai  gisa  egurra  erabilita.<\/p>\n<p>Erronkaribarreko  orografiak  aukera  ematen  du,  beste  lekuetan  ez  bezala,  latsun-labeak  ezpondetan  eraikitzeko  eta,  horrela,  karobia  aiseago  betetzeko  eta  husteko.<\/p>\n<p><strong>Azken  latsungileak<\/strong><\/p>\n<p>Gure  zaharrek  oraindik  gogoan  dituzte  kareharri  ugariko  tokietan  pizten  ziren  latsun-labeak.  Burgiko  arroiletik  hurbil  zeuden,  mota  horretako  harri  asko  erori  eta  biltzen  baitzen  han.<\/p>\n<p>Azken  urteetan  etxeak  egiteko  edo  zuritzeko  karea  behar  zuten  familiek  eraikitzen  edo  pizten  zituzten  latsun-labeak,  beren  beharrak  asetzeko  adina  kare  ateratzeko.<\/p>\n<p>Alabaina,  latsungileak  (karegileak)  ere  baziren.<br \/>Horiek  latsuna  egiten  zuten  herritarrei  saltzeko  (gehienetan,  kantitate  txikiak)  eta  erabilera  jakinetarako.<\/p>\n<p>Burgiko  azken  karegileetako  bat  Pablo  Lacasia  G\u00e1rate  (1883  \u2013  1986)  izan  zen.  Bere  oharrei  esker  dugu  hark  auzoei  eginiko  salmenta  askoren  berri.  \u201cLatsun  zuria\u201d  eta  \u201clatsun  beltza\u201d  bereizten  zituen,  erabilitako  kareharriaren  kolorearen  arabera.<\/p>\n<p>Latsuna  gonkak  edo  erreguak  eta  budinak  baliatuz  neurtzen  zen.  Zurezko  ontziak  ziren,  harriz  osotara  edo  neurri  batean  betetzen  zirenak,  salgaia  neurtzeko.<\/p>\n<p><strong>Eraikintza<\/strong><\/p>\n<p>Latsuna  edo  latsun-labea  egitea  lan  gogorra  zen  hagitz,  ahalegin  handia  eskatzen  zuena.  Lehenik  zulo  bat,  zirkularra,  egin  behar  zen  lurrean,  pikotxez,  ezponda  baten  aldapaz  baliatuz.  Hurrena  horma  txiki  bat  erlaitz  gisa  eraiki  eta  horren  gainean  zamariz  eramandako  kareharria  paratu  behar  zen.<\/p>\n<p>Pixkana-pixkana,  harriz  harri,  iladaz  ilada,  jasotzen  ziren  hormak  barne  ganga  faltsu  bat  eratuz.  Osotara  itxi  arte  ez  zegoen  bermatua  zutik  egonen  zenik.<\/p>\n<p>Gero,  harri  gehiago  paratzen  ziren  gainean,  nahi  zen  altuerako  kupula  osatu  arte  eta  zulo  bat  utziz  behean,  kargatzeko  eta  husteko.  Prestatu  ondoren,  su  ematen  zitzaion.  Egituraren  oinarriari,  harriak  paratzen  hasten  zen  erlaitzaren  azpian  zegoenari,  hautsontzi  deitzen  zitzaion,  su  emateko  eta  txingarra  eta  errautsa  biltzeko  tokia  baitzen.<\/p>\n<p>Latsungileak,  elorri-triska  edo  ezpela  botatzen  zuen  labe  zulora  eta  su  ematen  zion  goizean  goiz,  harria  tenperaturarik  egokienean  erretzeko  eta  sua  egun  guztian  kontrolatzeko.  Horrela,  etengabeko  suaren  eraginez,  kareharriak  erabat  lehortu,  anhidrido  karbonikoa  galdu  eta  kare  oxido  bihurtzen  ziren,  \u201ckare  bizi\u201d,  alegia.<\/p>\n<p>Hargatik,  karegileak  erregaia  bota  eta  bota  ari  behar  zuen  hiru  egunez  (gauak  barne),  gelditu  gabe.<\/p>\n<p>Harriak  goritu  eta  galda  kupularen  kanpo  aldera  ateratzen  zenean,  labeak  900  edo  1000  gradu  bazituela  esan  nahi  zuen,  erretzeko  tenperatura  egokiena,  beraz.  Harriak,  jada,  zurituta  zeuden  eta  kiskalketa,  bukatua.<\/p>\n<p>Ondoren,  labe  zuloa  edo  beste  edozein  zirritu  lauzaz  edo  zotalez  ixten  zen,  eta  hozten  uzten  zitzaion  bi  edo  hiru  egunez.<\/p>\n<p>Bukatzeko,  egiturako  harri  guztiak  kentzen  ziren;  batzuk  eroriak  zeuden  hozteko  denbora  horretan.<\/p>\n<p>Harri  kiskaliak  uretan  sartzean  kareharria  desegiten  zen  eta  ore  edo  latsun-hauts  bihurtzen.<\/p>\n<p><strong>Latsunaren  erabilerak<\/strong><\/p>\n<p>Eraikinak  latsuna  eta  harea  nahasiz  eginiko  kareorez  jasotzen  ziren.<\/p>\n<p>Latsunez  zuritzen  ziren  etxeko  hormak,  bai  kanponkoak,  bai  barrengoak.  Erronkaribarren,  etxeko  ateen  eta  leihoen  inguruak  zuritzen  ziren  baoak  gauez  aurkitzeko,  argindarrik  ez  zenean.<\/p>\n<p>Nekazaritzan  alorrak  ongarritzeko  eta  garbitzeko.<\/p>\n<p>Latsunez  garbitzen  ziren,  orobat,  gorteak  edo  ukuiluak  eta  txerritegiak.<\/p>\n<p>Harekin  kentzen  zitzaizkien  bizkarroiak  aziendei  eta  frutarbolei.<\/p>\n<p>Medikuek  karesnea  ematen  zuten  gaixotasun  batzuk  sendatzeko.<\/p>\n<p><strong>Latsun  labearen  berritzea<\/strong><\/p>\n<p>2005eko  udan,  Burgiko  herritar  askoren  lan  boluntario  eta  dohainekoari  esker,  berritu  zen  latsun-labe  hau,  garai  batean  beste  bat  zegoen  toki  berean.<br \/>Latsun-labe  zaharraren  kanpo  aldeko  harri  ugari  aurkitu  ziren  lurrazpian.  Gangako  kareharri  guztia  Burgiko  arroiletik  ekarria  da.<\/p>\n<p>Eraikina  zaharberrituz  omentzen  ditugu  lan  neketsu  honen  bidez  latsuna  egiten  zuten  arbaso  haiek.<\/p>\n<p>&nbsp;<\/p>\n<p>[\/et_pb_text][\/et_pb_column][et_pb_column  type=&#8221;1_4&#8243;  _builder_version=&#8221;4.16&#8243;  custom_padding=&#8221;|||&#8221;  global_colors_info=&#8221;{}&#8221;  custom_padding__hover=&#8221;|||&#8221;][et_pb_sidebar  area=&#8221;et_pb_widget_area_2&#8243;  _builder_version=&#8221;4.24.2&#8243;  _module_preset=&#8221;default&#8221;  global_colors_info=&#8221;{}&#8221;][\/et_pb_sidebar][\/et_pb_column][\/et_pb_row][\/et_pb_section]<\/p>\n","protected":false},"excerpt":{"rendered":"<p>Latsuna  eskuratzeko  kareharriak  erretzen  ziren  labeetan.  Gehienetan,  latsun-labea  harlangaitz  erregogorrezko  egitura  txiki  bat  zen,  kargatzeko  zuloa  eta  barne  ganga  zituena.  Ganga  hori  ordenan  paratutako  kareharriz  egina  zen.  Barrenean  sua  pizten  zen,  erregai  gisa  egurra  erabilita.  Erronkaribarreko  orografiak  aukera  ematen  du,  beste  lekuetan  ez  bezala,  latsun-labeak  ezpondetan  eraikitzeko  eta,  horrela,  karobia  aiseago  betetzeko  eta  husteko.  Azken  latsungileak  Gure  zaharrek  oraindik  gogoan  dituzte  kareharri  ugariko  tokietan  pizten  ziren  latsun-labeak.  Burgiko  arroiletik  hurbil  zeuden,  mota  horretako  harri  asko  erori  eta  biltzen  baitzen  han.  Azken  urteetan  etxeak  egiteko  edo  zuritzeko  karea  behar  zuten  familiek  eraikitzen  edo  pizten  zituzten  latsun-labeak,  beren  beharrak  asetzeko  adina  kare  ateratzeko.  Alabaina,  latsungileak  (karegileak)  ere  baziren.Horiek  latsuna  egiten  zuten  herritarrei  saltzeko  (gehienetan,  kantitate  txikiak)  eta  erabilera  jakinetarako.  Burgiko  azken  karegileetako  bat  Pablo  Lacasia  G\u00e1rate  (1883  \u2013  1986)  izan  zen.  Bere  oharrei  esker  dugu  hark  auzoei  eginiko  salmenta  askoren  berri.  \u201cLatsun  zuria\u201d  eta  \u201clatsun  beltza\u201d  bereizten  zituen,  erabilitako  kareharriaren  kolorearen  arabera.  Latsuna  gonkak  edo  erreguak  eta  budinak  baliatuz  neurtzen  zen.  Zurezko  ontziak  ziren,  harriz  osotara  edo  neurri  batean  betetzen  zirenak,  salgaia  neurtzeko.  Eraikintza  Latsuna  edo  latsun-labea  egitea  lan  gogorra  zen  hagitz,  ahalegin  handia  eskatzen  zuena.  Lehenik  zulo  bat,  zirkularra,  egin  behar  zen  lurrean,  pikotxez,  ezponda  baten  aldapaz  baliatuz.  Hurrena  horma  txiki  [&hellip;]<\/p>\n","protected":false},"author":1,"featured_media":0,"parent":518,"menu_order":0,"comment_status":"closed","ping_status":"closed","template":"","meta":{"_et_pb_use_builder":"on","_et_pb_old_content":"<p><img class=\"alignright size-medium wp-image-375\" src=\"https:\/\/almadiasdenavarra.com\/wp-content\/uploads\/2016\/03\/calera3-300x298.jpg\" alt=\"calera3\" width=\"300\" height=\"298\">La forma de obtener la cal consist\u00eda en la cocci\u00f3n de piedras calizas en hornos.<\/p><p>Por lo general, un horno de cal -o calera- era una peque\u00f1a estructura de mamposter\u00eda refractaria con una boca de carga y una b\u00f3veda interior constituida por piedras calizas colocadas ordenadamente y a la que se prend\u00eda fuego una vez cargada de fajos de le\u00f1a a modo de combustible.<\/p><p>La orograf\u00eda del valle de Roncal permit\u00eda que las caleras, a diferencia de otros lugares, se construyesen contra un talud o ribazo, lo que favorec\u00eda su carga y su vaciado por parte del calero.<\/p>","_et_gb_content_width":"","ngg_post_thumbnail":0,"footnotes":""},"class_list":["post-526","page","type-page","status-publish","hentry"],"_links":{"self":[{"href":"https:\/\/almadiasdenavarra.com\/eu\/wp-json\/wp\/v2\/pages\/526","targetHints":{"allow":["GET"]}}],"collection":[{"href":"https:\/\/almadiasdenavarra.com\/eu\/wp-json\/wp\/v2\/pages"}],"about":[{"href":"https:\/\/almadiasdenavarra.com\/eu\/wp-json\/wp\/v2\/types\/page"}],"author":[{"embeddable":true,"href":"https:\/\/almadiasdenavarra.com\/eu\/wp-json\/wp\/v2\/users\/1"}],"replies":[{"embeddable":true,"href":"https:\/\/almadiasdenavarra.com\/eu\/wp-json\/wp\/v2\/comments?post=526"}],"version-history":[{"count":11,"href":"https:\/\/almadiasdenavarra.com\/eu\/wp-json\/wp\/v2\/pages\/526\/revisions"}],"predecessor-version":[{"id":16724,"href":"https:\/\/almadiasdenavarra.com\/eu\/wp-json\/wp\/v2\/pages\/526\/revisions\/16724"}],"up":[{"embeddable":true,"href":"https:\/\/almadiasdenavarra.com\/eu\/wp-json\/wp\/v2\/pages\/518"}],"wp:attachment":[{"href":"https:\/\/almadiasdenavarra.com\/eu\/wp-json\/wp\/v2\/media?parent=526"}],"curies":[{"name":"wp","href":"https:\/\/api.w.org\/{rel}","templated":true}]}}