{"id":513,"date":"2016-03-03T09:54:10","date_gmt":"2016-03-03T09:54:10","guid":{"rendered":"https:\/\/almadiasdenavarra.com\/pueblo-de-los-oficios\/la-almadia\/que-es\/?lang=eu"},"modified":"2024-03-20T09:03:15","modified_gmt":"2024-03-20T09:03:15","slug":"zer-da","status":"publish","type":"page","link":"https:\/\/almadiasdenavarra.com\/eu\/lanbideen-herria\/almadia\/zer-da\/","title":{"rendered":"Almadia"},"content":{"rendered":"<p>[et_pb_section  fb_built=&#8221;1&#8243;  _builder_version=&#8221;4.16&#8243;  global_colors_info=&#8221;{}&#8221;][et_pb_row  _builder_version=&#8221;4.16&#8243;  global_colors_info=&#8221;{}&#8221;  column_structure=&#8221;1_4,1_2,1_4&#8243;][et_pb_column  type=&#8221;1_4&#8243;  _builder_version=&#8221;4.16&#8243;  custom_padding=&#8221;|||&#8221;  global_colors_info=&#8221;{}&#8221;  custom_padding__hover=&#8221;|||&#8221;][et_pb_audio  audio=&#8221;https:\/\/almadiasdenavarra.com\/wp-content\/uploads\/2019\/05\/Almadiak-eta-Almadiazainak.mp3&#8243;  title=&#8221;Almadiak&#8221;  _builder_version=&#8221;4.16&#8243;  global_colors_info=&#8221;{}&#8221;][\/et_pb_audio][et_pb_video  src=&#8221;https:\/\/youtu.be\/EIESqceSalw&#8221;  image_src=&#8221;https:\/\/almadiasdenavarra.com\/wp-content\/uploads\/2018\/02\/almadiaimg1142.jpg&#8221;  play_icon_color=&#8221;#ffffff&#8221;  _builder_version=&#8221;4.16&#8243;  global_colors_info=&#8221;{}&#8221;][\/et_pb_video][et_pb_gallery  gallery_ids=&#8221;3458,3459,3460,3461,3462&#8243;  posts_number=&#8221;10&#8243;  show_title_and_caption=&#8221;off&#8221;  disabled_on=&#8221;on|on|off&#8221;  _builder_version=&#8221;4.16&#8243;  global_colors_info=&#8221;{}&#8221;][\/et_pb_gallery][\/et_pb_column][et_pb_column  type=&#8221;1_2&#8243;  _builder_version=&#8221;4.16&#8243;  custom_padding=&#8221;|||&#8221;  global_colors_info=&#8221;{}&#8221;  custom_padding__hover=&#8221;|||&#8221;][et_pb_text  _builder_version=&#8221;4.16&#8243;  global_colors_info=&#8221;{}&#8221;]<\/p>\n<p>Almadia,  luzera  berdineko  zuhaitz-enborrez  osatutako  erreka-untzi  bat  da,  landare-abarrez  elkarlotua  dena  (urritzko  adarrez,  basazumez,&#8230;),  errekaren  ubidetik  bideratzeko  bai  aurrekaldean  zein  atzekaldean,  arraunez  hornituta  dago.<\/p>\n<p>Nafarroako  Erronkari,  Zaraitzu  eta  Aezkoa  pirinear  ibarretan,  aspaldiko  garaietatik  XX.mende  erdiraino  basoen  probetxamendua  diru  sarrera  nagusia  izan  da  eta  egurra  eraldakuntza  guneetan  saltzeko  aukera  izateko  erreka  erabiltzen  zuten  garraiobide  modura.  Egur  hau,  ALMADIA  izenarekin  ezagutzen  dugun  untziaren  bidez  garraiatzen  zen.<\/p>\n<p><strong>Nola  egiten  da<\/strong><\/p>\n<p>Almadiaren  prestakuntza  lanak  mendian  hasten  dira  zuhaitz  mozketarekin.  Zuhaitza  lurreratu  ondoren  destaiatu  egin  behar  da  goiko  adarretatik  hasita.  Behekoak  azkenerako  uzten  dira  euskarri  modura  erabiltzeko.<\/p>\n<p>Behin  destaiatuta,  trontzarako  posizio  egokiena  bilatzen  da,  4,00  eta  6,40  metro  bitarteko  luzerako  enborrak  atera  daitezen.<\/p>\n<p>Enbor  luzera  kontutan  hartuta,  izen  desberdinak  erabiltzen  dira:  \u201cDecen\u201d,  5  makilakoa;  \u201cDocen\u201d,  6  makilakoa;  \u201cCatorcen\u201d,  7  makilakoa;  \u201cSecen\u201d,  8  makilakoa.  Makila  bakoitzak  0,80  metroko  luzera  du.  Neurri  handiagokoak  ere  badaude:  \u201cAguilon\u201d,  zortzi  metrorainokoak  eta  \u201cVela\u201d,  zortzi  eta  hamabi  metro  bitartekoak.<\/p>\n<p>Enborra  trontzatu  ostean,  eskuairatu  behar  da.  Soluaren  makurduragatik  horren  zaila  den  lan  atal  hau  taldeko  trebeenek  burutzen  dute.  Hasteko  bi  aldetan  ikatziri  kordelarekin  enborra  markatzen  dute  eta  eskuairatu  ondoren  enborra  bueltatu  eta  beste  bi  aldeetan  berdina  egiten  dute.<\/p>\n<p><strong>Almadiaren  eraketa<\/strong><\/p>\n<p>Almadiak  egiteko,  enbor  puntak  ginbaletarekin  zulatu  behar  dira  gero  landare-abarrez  elkarlotzeko  eta  4  edo  5  metroko  zabalera  duten  tramuak  lortzeko.<\/p>\n<p>Elkarlotze  hau  almadia  egonkorra  izan  dadin  egiten  da,  beraz,  oso  fin  ibili  behar  da.<\/p>\n<p>Tramuak  prest  daudenean  uretaratu  egiten  dira,  bertan  lau,  bost,  sei  edo  zazpi  tramu  mihiztatzen  dira  almadia  bat  osatzeko.  Azkenengo  lana  jantzitokia  jartzea  da,  bertan  arropak  eta  zakutoa  zintzilikatzeko  bidaian  zehar  busti  ez  daitezen.<\/p>\n<p><strong>Lekualdaketa<\/strong><\/p>\n<p>Enborrak  prestatu  ondoren  basotik  atera  behar  dira,  honetarako  bi  sistema  daudelarik,  alde  batetik  sakanen  urak  duen  indarra  aprobetxatzea,  eta  bestetik  mantsoagoa  den  mandoen  indarra  erabiltzea.<\/p>\n<p>Bigarren  sistema  honetarako,  mandoei  larruzko  esteka  ezartzea  beharrezkoa  da,  nondik  kate  batzuk  irten  eta  lakainen  bidez  enborrak  lotzen  diren  iltzeekin  edota  enborra  zulatuta  lokarria  eginez.  Modu  honetan  enborrak  ibaiertzera  eramaten  dira,  bertan  almadiak  eraikitzeko.<\/p>\n<p>[\/et_pb_text][\/et_pb_column][et_pb_column  type=&#8221;1_4&#8243;  _builder_version=&#8221;4.16&#8243;  custom_padding=&#8221;|||&#8221;  global_colors_info=&#8221;{}&#8221;  custom_padding__hover=&#8221;|||&#8221;][et_pb_sidebar  _builder_version=&#8221;4.24.2&#8243;  _module_preset=&#8221;default&#8221;  area=&#8221;et_pb_widget_area_2&#8243;  hover_enabled=&#8221;0&#8243;  sticky_enabled=&#8221;0&#8243;][\/et_pb_sidebar][\/et_pb_column][\/et_pb_row][\/et_pb_section]<\/p>\n","protected":false},"excerpt":{"rendered":"<p>Almadia,  luzera  berdineko  zuhaitz-enborrez  osatutako  erreka-untzi  bat  da,  landare-abarrez  elkarlotua  dena  (urritzko  adarrez,  basazumez,&#8230;),  errekaren  ubidetik  bideratzeko  bai  aurrekaldean  zein  atzekaldean,  arraunez  hornituta  dago.  Nafarroako  Erronkari,  Zaraitzu  eta  Aezkoa  pirinear  ibarretan,  aspaldiko  garaietatik  XX.mende  erdiraino  basoen  probetxamendua  diru  sarrera  nagusia  izan  da  eta  egurra  eraldakuntza  guneetan  saltzeko  aukera  izateko  erreka  erabiltzen  zuten  garraiobide  modura.  Egur  hau,  ALMADIA  izenarekin  ezagutzen  dugun  untziaren  bidez  garraiatzen  zen.  Nola  egiten  da  Almadiaren  prestakuntza  lanak  mendian  hasten  dira  zuhaitz  mozketarekin.  Zuhaitza  lurreratu  ondoren  destaiatu  egin  behar  da  goiko  adarretatik  hasita.  Behekoak  azkenerako  uzten  dira  euskarri  modura  erabiltzeko.  Behin  destaiatuta,  trontzarako  posizio  egokiena  bilatzen  da,  4,00  eta  6,40  metro  bitarteko  luzerako  enborrak  atera  daitezen.  Enbor  luzera  kontutan  hartuta,  izen  desberdinak  erabiltzen  dira:  \u201cDecen\u201d,  5  makilakoa;  \u201cDocen\u201d,  6  makilakoa;  \u201cCatorcen\u201d,  7  makilakoa;  \u201cSecen\u201d,  8  makilakoa.  Makila  bakoitzak  0,80  metroko  luzera  du.  Neurri  handiagokoak  ere  badaude:  \u201cAguilon\u201d,  zortzi  metrorainokoak  eta  \u201cVela\u201d,  zortzi  eta  hamabi  metro  bitartekoak.  Enborra  trontzatu  ostean,  eskuairatu  behar  da.  Soluaren  makurduragatik  horren  zaila  den  lan  atal  hau  taldeko  trebeenek  burutzen  dute.  Hasteko  bi  aldetan  ikatziri  kordelarekin  enborra  markatzen  dute  eta  eskuairatu  ondoren  enborra  bueltatu  eta  beste  bi  aldeetan  berdina  egiten  dute.  Almadiaren  eraketa  Almadiak  egiteko,  enbor  puntak  ginbaletarekin  zulatu  behar  dira  gero  landare-abarrez  elkarlotzeko  eta  [&hellip;]<\/p>\n","protected":false},"author":1,"featured_media":0,"parent":489,"menu_order":0,"comment_status":"closed","ping_status":"closed","template":"","meta":{"_et_pb_use_builder":"on","_et_pb_old_content":"<h2>\u00bfQu\u00e9 es una almad\u00eda?<\/h2><p>La <strong>almad\u00eda<\/strong> es una balsa formada por varios tramos de maderos de id\u00e9ntica longitud amarrados entre s\u00ed mediante jarcias vegetales (vergas de avellano, mimbre silvestre, etc.), con remos en la punta y en la zaga cuya misi\u00f3n es dirigir o conducir la balsa por el cauce del r\u00edo.<img class=\"wp-image-304 size-medium aligncenter\" src=\"https:\/\/almadiasdenavarra.com\/wp-content\/uploads\/2016\/03\/almadia2-192x300.jpg\" alt=\"almadia2\" width=\"192\" height=\"300\"><\/p><p>En los valles pirenaicos navarros, <strong>Roncal, Salazar y A\u00e9zcoa,<\/strong> nos encontramos que el aprovechamiento de los bosques ha sido desde tiempos inmemorables la principal fuente de ingresos y sus r\u00edos la forma de transportar la madera hasta los lugares donde pod\u00eda ser vendida para su transformaci\u00f3n. Esta madera era transportada formando lo que llamamos <strong>ALMAD\u00cdAS<\/strong>.<\/p>","_et_gb_content_width":"","ngg_post_thumbnail":0,"footnotes":""},"class_list":["post-513","page","type-page","status-publish","hentry"],"_links":{"self":[{"href":"https:\/\/almadiasdenavarra.com\/eu\/wp-json\/wp\/v2\/pages\/513","targetHints":{"allow":["GET"]}}],"collection":[{"href":"https:\/\/almadiasdenavarra.com\/eu\/wp-json\/wp\/v2\/pages"}],"about":[{"href":"https:\/\/almadiasdenavarra.com\/eu\/wp-json\/wp\/v2\/types\/page"}],"author":[{"embeddable":true,"href":"https:\/\/almadiasdenavarra.com\/eu\/wp-json\/wp\/v2\/users\/1"}],"replies":[{"embeddable":true,"href":"https:\/\/almadiasdenavarra.com\/eu\/wp-json\/wp\/v2\/comments?post=513"}],"version-history":[{"count":10,"href":"https:\/\/almadiasdenavarra.com\/eu\/wp-json\/wp\/v2\/pages\/513\/revisions"}],"predecessor-version":[{"id":16706,"href":"https:\/\/almadiasdenavarra.com\/eu\/wp-json\/wp\/v2\/pages\/513\/revisions\/16706"}],"up":[{"embeddable":true,"href":"https:\/\/almadiasdenavarra.com\/eu\/wp-json\/wp\/v2\/pages\/489"}],"wp:attachment":[{"href":"https:\/\/almadiasdenavarra.com\/eu\/wp-json\/wp\/v2\/media?parent=513"}],"curies":[{"name":"wp","href":"https:\/\/api.w.org\/{rel}","templated":true}]}}