{"id":3790,"date":"2019-03-14T12:52:12","date_gmt":"2019-03-14T12:52:12","guid":{"rendered":"https:\/\/almadiasdenavarra.com\/?page_id=3790"},"modified":"2019-03-14T12:52:20","modified_gmt":"2019-03-14T12:52:20","slug":"onki-xin-burgira","status":"publish","type":"page","link":"https:\/\/almadiasdenavarra.com\/eu\/onki-xin-burgira\/","title":{"rendered":"Onki  Xin  Burgira"},"content":{"rendered":"<p>[et_pb_section  fb_built=&#8221;1&#8243;  _builder_version=&#8221;3.0.47&#8243;][et_pb_row  _builder_version=&#8221;3.0.48&#8243;  background_size=&#8221;initial&#8221;  background_position=&#8221;top_left&#8221;  background_repeat=&#8221;repeat&#8221;][et_pb_column  type=&#8221;1_3&#8243;  _builder_version=&#8221;3.0.47&#8243;][et_pb_audio  audio=&#8221;https:\/\/almadiasdenavarra.com\/wp-content\/uploads\/2019\/03\/Onki-xin-Burgira.mp3&#8243;  title=&#8221;Onki  Xin  Burgira&#8221;  _builder_version=&#8221;3.20.2&#8243;][\/et_pb_audio][et_pb_video  src=&#8221;https:\/\/youtu.be\/ybl1_AX7dWg&#8221;  _builder_version=&#8221;3.20.2&#8243;][\/et_pb_video][et_pb_gallery  gallery_ids=&#8221;3782,3780&#8243;  show_title_and_caption=&#8221;off&#8221;  disabled_on=&#8221;on|on|off&#8221;  _builder_version=&#8221;3.20.2&#8243;][\/et_pb_gallery][\/et_pb_column][et_pb_column  type=&#8221;2_3&#8243;  _builder_version=&#8221;3.0.47&#8243;][et_pb_text  _builder_version=&#8221;3.20.2&#8243;  background_size=&#8221;initial&#8221;  background_position=&#8221;top_left&#8221;  background_repeat=&#8221;repeat&#8221;]<\/p>\n<p>Burgi  Erronkaribarrerako  sarrera  da,  Ezka  ibaiak  Ollate  (1.420  m.)  eta  Haitzeko  Ama  Birjina  (1.294  m.)  mendien  artean  sortzen  duen  arroila  igaro  eta  gero  hegoaldetik  iristen  bagara.  Erreka  eta  bidez  inguraturik,  Iru\u00f1etik  77  kilometrora  dago,  629  metroko  altueran.<\/p>\n<p>Aragoiko  erresumako  mugatik  hurbil  egonda,  ibarraren  defentsarako  gaztelu  garrantzitsu  bat  egon  zen  bertan,  XVI.  mendean  Fernando  Katolikoak,  Nafarroa  konkistatzearekin  batera,  suntsitu  zuen  arte.  Egun,  Gazteluko  Ama  Birjinaren  baseliza  ikusiko  dugu  garai  batean  gaztelua  egon  zen  lekuan.  Horretaz  gain,  Burgiko  mugapean,  Bideko  Ama  Birjinaren  baselizatik  gertu,  Urdaspaleko  beneditar  monasterioaren  hondakinak  daude,  VIII.  mendean  San  Eulogiok  bisitatu  zuena.<\/p>\n<p>Erromatar  zubia  zain  daukagu  herrirako  sarreran,  bere  irudi  eder  ezaguna  guri  eskainiz.  Jatorrizko  lau  arkuak,  goragunea  eta  Ezka  ibaiaren  urak  urratzen  dituzten  brankak  beren  hartan  daude  oraindik  ere.  Ibaian  gora  metro  gutxi  batzuk  eginik,  almadiak  jaisterakoan  igarotzen  zuten  presa  txiki  batek  gogorarazten  digu  zura  ustiatzea,  abeltzaintzarekin  batean,  bertako  biztanleen  bizibide  nagusia  izan  dela.<\/p>\n<p>XVI.  mendeko  San  Pedro  elizaren  barruan  Leireko  Monasterioaren  organo  zaharra  aurkituko  dugu,  Mendizabalen  Desamortizazioaren  ondoren  abandonatua  izan  zena.  Horretaz  gain,  XVII.  mendeko  San  Sebastianen  irudia  duen  erretaula  barrokoa  eta  estilo  gotikoko  zenbait  kaliza  gordetzen  dira  bertan.<\/p>\n<p>Burgiko  etxeak  Ezka  ibaiaren  eskuineko  ertzean  pilatzen  dira,  herriari  eskailera  itxura  emanez.  Herriko  ezaugarri  nabarmen  gisa,  kale  harriztatuak  eta  teila  makurrez  egindako  teilatu  lerdenak,  teilatu-hegal  irten  eta  Pirinioetako  bereizgarri  diren  zilindro  formako  tximiniez  hornituak,  nahiz  eta  gaur  egun  oso  gutxi  gelditu.<\/p>\n<p>Burgiko  mugapean  balio  handiko  naturguneak  aurkituko  ditugu,  hala  nola,  Sasiko  Baltsak  edo  Burgiko  Arroila,  azken  hori  Natura  Erreserba  izendatua  eta  Europako  sai  arre  kolonia  handienetariko  bat  dena,  bere  pareta  ikaragarrietan  bizi  diren  harkaitzetako  beste  hegazti  guztiak  ahantzi  gabe.<\/p>\n<p>Bi  bide  interpretatibo  daude,  behar  bezala  seinaleztatuak:  bata  Burgiko  Arroilara  hurbiltzeko,  eta  bestea  Basariko  izeidira  joateko.  Horietaz  gain,  badira  mendian  ibiltzeko  beste  hainbat  bidexka,  bide  eta  pista.  Ibaiaren  ondoan  \u201cBurgi,  lanbideen  herria\u201d  ibilbide  laburra  hasten  da,  panelen  bidez  lehengo  eta  oraingo  lanbide  eta  ohiturak  azaltzen  dituena.  Bideak  herriko  kaleetan  barrena  jarraitzen  du  Burgiko  udaletxean  dagoen  Almadiaren  Museoraino.<\/p>\n<p>Gaur  egun,  almadia  Burgi  herriaren  nortasun  ikur  bilakatu  da,  Nafarroako  Almadiazainen  Kultur  Elkarteak  antolatzen  duen  Almadiaren  Egunari  esker,  almadia  lanbide  izan  zuten  guztien  gorazarre.  Burgiko  Museoak  argazkien,  lanabesen  eta  ikus-entzunezko  emanaldien  bidez  ogibide  hau  ezagutzeko  aukera  ematen  du.<\/p>\n<p>[\/et_pb_text][\/et_pb_column][\/et_pb_row][\/et_pb_section]<\/p>\n","protected":false},"excerpt":{"rendered":"<p>Burgi  Erronkaribarrerako  sarrera  da,  Ezka  ibaiak  Ollate  (1.420  m.)  eta  Haitzeko  Ama  Birjina  (1.294  m.)  mendien  artean  sortzen  duen  arroila  igaro  eta  gero  hegoaldetik  iristen  bagara.  Erreka  eta  bidez  inguraturik,  Iru\u00f1etik  77  kilometrora  dago,  629  metroko  altueran.  Aragoiko  erresumako  mugatik  hurbil  egonda,  ibarraren  defentsarako  gaztelu  garrantzitsu  bat  egon  zen  bertan,  XVI.  mendean  Fernando  Katolikoak,  Nafarroa  konkistatzearekin  batera,  suntsitu  zuen  arte.  Egun,  Gazteluko  Ama  Birjinaren  baseliza  ikusiko  dugu  garai  batean  gaztelua  egon  zen  lekuan.  Horretaz  gain,  Burgiko  mugapean,  Bideko  Ama  Birjinaren  baselizatik  gertu,  Urdaspaleko  beneditar  monasterioaren  hondakinak  daude,  VIII.  mendean  San  Eulogiok  bisitatu  zuena.  Erromatar  zubia  zain  daukagu  herrirako  sarreran,  bere  irudi  eder  ezaguna  guri  eskainiz.  Jatorrizko  lau  arkuak,  goragunea  eta  Ezka  ibaiaren  urak  urratzen  dituzten  brankak  beren  hartan  daude  oraindik  ere.  Ibaian  gora  metro  gutxi  batzuk  eginik,  almadiak  jaisterakoan  igarotzen  zuten  presa  txiki  batek  gogorarazten  digu  zura  ustiatzea,  abeltzaintzarekin  batean,  bertako  biztanleen  bizibide  nagusia  izan  dela.  XVI.  mendeko  San  Pedro  elizaren  barruan  Leireko  Monasterioaren  organo  zaharra  aurkituko  dugu,  Mendizabalen  Desamortizazioaren  ondoren  abandonatua  izan  zena.  Horretaz  gain,  XVII.  mendeko  San  Sebastianen  irudia  duen  erretaula  barrokoa  eta  estilo  gotikoko  zenbait  kaliza  gordetzen  dira  bertan.  Burgiko  etxeak  Ezka  ibaiaren  eskuineko  ertzean  pilatzen  dira,  herriari  eskailera  itxura  emanez.  Herriko  ezaugarri  nabarmen  gisa,  kale  harriztatuak  [&hellip;]<\/p>\n","protected":false},"author":3,"featured_media":0,"parent":0,"menu_order":0,"comment_status":"closed","ping_status":"closed","template":"","meta":{"_et_pb_use_builder":"on","_et_pb_old_content":"<p>La villa navarra de Burgui constituye el p\u00f3rtico de entrada al Valle de Roncal por su parte sur tras atravesar la foz que el r\u00edo Eska forma entre los altos del Borreguil (1.420 mts) y la Virgen de la Pe\u00f1a (1.294 mts). Situado en una encrucijada fluvial y de carreteras, se encuentra a 629 metros de altitud y a 77 kil\u00f3metros de Pamplona.<\/p><p>Por su situaci\u00f3n fronteriza con Arag\u00f3n tuvo un castillo muy importante para la defensa del valle y que se mantuvo en servicio hasta principios del siglo XVI a ra\u00edz de la conquista de Navarra por Fernando el Cat\u00f3lico. En el lugar que se alzaba la fortaleza medieval se encuentra ahora la ermita de la Virgen del Castillo. Todav\u00eda subsisten en su t\u00e9rmino restos del monasterio benedictino de Urdaspal \u2014pr\u00f3ximo a la actual ermita de la Virgen del Camino\u2014 que lleg\u00f3 a ser visitado por San Eulogio en el siglo VIII.<\/p><p>El puente romano nos recibe a la entrada del pueblo con su inconfundible estructura de postal. Todav\u00eda conserva sus cuatro arcos originales, su viejo peralte y sus tajamares para rasgar las aguas del r\u00edo Esca. A escasos metros aguas arriba, una peque\u00f1a presa o \"puerto\" por donde descend\u00edan las almad\u00edas nos recuerda que el aprovechamiento maderero, junto con la ganader\u00eda, ha constituido la principal dedicaci\u00f3n de sus habitantes.<\/p><p>En el interior de la iglesia de San Pedro, del siglo XVI, se encuentra el viejo \u00f3rgano del Monasterio de Leyre, abandonado tras la desamortizaci\u00f3n de Mendiz\u00e1bal, y un retablo barroco del siglo XVII que muestra una escultura de San Sebasti\u00e1n del siglo XVII y varios c\u00e1lices de estilo g\u00f3tico.<\/p><p>El caser\u00edo de Burgui se agrupa en la margen derecha del r\u00edo Eska en posici\u00f3n escalonada. Se caracteriza por sus calles empedradas y las casonas de teja curva y tejados bastante apuntados con aleros saledizos y chimeneas cil\u00edndricas \u2013ya escasas\u2013 de tipo pirenaico.<\/p><p>En su t\u00e9rmino se encuentran importantes valores natural\u00edsticos como las Balsas de Sasi o la Foz de Burgui, declarada Reserva Natural y que cuenta con una de las mayores colonias de buitres de Europa, junto con numerosas aves rup\u00edcolas que anidan en sus acantilados.<\/p><p>Existen en la localidad dos senderos interpretativos debidamente se\u00f1alizados que conducen a la Foz de Burgui y al abetal de Basari, adem\u00e1s de numerosos caminos, pistas y sendas para los amantes del monta\u00f1ismo. Junto al r\u00edo, se inicia el peque\u00f1o paseo \u201cBurgui, pueblo de los oficios\u201d, con varios paneles que recuerdan tradiciones, oficios actuales y pasados, un recorrido que se prolonga por las calles de Burgui hasta llegar al Museo de la Almad\u00eda, situado en el edificio del Ayuntamiento.<\/p><p>En la actualidad, la almad\u00eda se ha convertido en un s\u00edmbolo de identidad del pueblo de Burgui gracias al empe\u00f1o de la Asociaci\u00f3n Cultural de Almadieros Navarros por celebrar el D\u00eda de la Almad\u00eda como reconocimiento y homenaje al oficio de almadiero. El Museo de la Almad\u00eda permite dar a conocer este oficio a lo largo del a\u00f1o mediante numerosas fotograf\u00edas, \u00fatiles y herramientas, acompa\u00f1ado de proyecciones audiovisuales.<\/p>","_et_gb_content_width":"","ngg_post_thumbnail":0,"footnotes":""},"class_list":["post-3790","page","type-page","status-publish","hentry"],"_links":{"self":[{"href":"https:\/\/almadiasdenavarra.com\/eu\/wp-json\/wp\/v2\/pages\/3790","targetHints":{"allow":["GET"]}}],"collection":[{"href":"https:\/\/almadiasdenavarra.com\/eu\/wp-json\/wp\/v2\/pages"}],"about":[{"href":"https:\/\/almadiasdenavarra.com\/eu\/wp-json\/wp\/v2\/types\/page"}],"author":[{"embeddable":true,"href":"https:\/\/almadiasdenavarra.com\/eu\/wp-json\/wp\/v2\/users\/3"}],"replies":[{"embeddable":true,"href":"https:\/\/almadiasdenavarra.com\/eu\/wp-json\/wp\/v2\/comments?post=3790"}],"version-history":[{"count":5,"href":"https:\/\/almadiasdenavarra.com\/eu\/wp-json\/wp\/v2\/pages\/3790\/revisions"}],"predecessor-version":[{"id":3797,"href":"https:\/\/almadiasdenavarra.com\/eu\/wp-json\/wp\/v2\/pages\/3790\/revisions\/3797"}],"wp:attachment":[{"href":"https:\/\/almadiasdenavarra.com\/eu\/wp-json\/wp\/v2\/media?parent=3790"}],"curies":[{"name":"wp","href":"https:\/\/api.w.org\/{rel}","templated":true}]}}