{"id":2228,"date":"2016-05-20T10:58:21","date_gmt":"2016-05-20T10:58:21","guid":{"rendered":"https:\/\/almadiasdenavarra.com\/eu\/solicitud-de-material\/"},"modified":"2026-02-10T09:33:27","modified_gmt":"2026-02-10T09:33:27","slug":"solicitud-de-material","status":"publish","type":"page","link":"https:\/\/almadiasdenavarra.com\/eu\/solicitud-de-material\/","title":{"rendered":"Solicitud  de  material"},"content":{"rendered":"<p>[et_pb_section  fb_built=&#8221;1&#8243;  admin_label=&#8221;section&#8221;  _builder_version=&#8221;4.16&#8243;  global_colors_info=&#8221;{}&#8221;][et_pb_row  admin_label=&#8221;row&#8221;  _builder_version=&#8221;4.16&#8243;  background_size=&#8221;initial&#8221;  background_position=&#8221;top_left&#8221;  background_repeat=&#8221;repeat&#8221;  global_colors_info=&#8221;{}&#8221;][et_pb_column  type=&#8221;4_4&#8243;  _builder_version=&#8221;4.16&#8243;  custom_padding=&#8221;|||&#8221;  global_colors_info=&#8221;{}&#8221;  custom_padding__hover=&#8221;|||&#8221;][et_pb_text  admin_label=&#8221;Text&#8221;  _builder_version=&#8221;4.16&#8243;  background_size=&#8221;initial&#8221;  background_position=&#8221;top_left&#8221;  background_repeat=&#8221;repeat&#8221;  global_colors_info=&#8221;{}&#8221;]<\/p>\n<p>&nbsp;<\/p>\n<p><img loading=\"lazy\" decoding=\"async\" class=\"alignnone size-medium wp-image-2161\" src=\"https:\/\/almadiasdenavarra.com\/wp-content\/uploads\/2016\/05\/motxila21-300x225.jpg\" alt=\"motxila21\" width=\"300\" height=\"225\" \/> <img loading=\"lazy\" decoding=\"async\" class=\"alignnone size-medium wp-image-2162\" src=\"https:\/\/almadiasdenavarra.com\/wp-content\/uploads\/2016\/05\/solicitud-de-material-300x175.jpg\" alt=\"solicitud-de-material\" width=\"300\" height=\"175\" \/><\/p>\n<p>Nafarroako  Almadiazainen  Kultur  Elkartetik  jakinarazi  nahi  dugu  elkarte  honen  materiala  lagatzeari  buruz  batzarrean  hartu  zen  erabakia.<\/p>\n<p>Gure  materiala  gero  eta  gehiago  eskatzen  zaigula  ikusita,  eta  mantentzeko  sortzen  diren  gastuak  ordaindu  ahal  izateko,  mailegatzen  direnean  kobratzea  erabaki  dugu.<\/p>\n<p><strong>Kioskoaren<\/strong> <strong>prestazioa<\/strong>:  <strong>300  \u20ac.<\/strong>  300  euro  kobratuko  dira  kiosko  osoa  alokatzeagatik  eta  150  euro  plataformagatik.  Mailegua  baino  lehen  ordainagiri  bat  eskatuko  da  eta  erantzukizun  zibileko  asegurua  eskatuko  da.  Gainera,  muntatzeko  eta  desmuntatzeko  geralekura  joango  dela  ziurtatuko  da.<\/p>\n<p>Kioskoa  lagatzen  denean,  EZINBESTEKOA  da  muntaketaren  eta  desmuntaketaren  berri  duen  pertsona  baten  laguntza  izatea.<br \/>&#8220;NAFARROAKO  ALMADIAZAINEN  KULTUR  ELKARTEA  EZ  DA  ARDURATZEN  GURE  MATERIALA  MUNTATZEAZ  ETA  DESMUNTATZEAZ,  ETA  EZ  DU  INOLAKO  ERANTZUKIZUNIK.  MATERIALA  ESKATU  DUEN  TALDEA  EDO  PERTSONA  IZANGO  DA  BALIZKO  GORABEHEREN  ERANTZULE,  ITZULI  ARTE  &#8220;<\/p>\n<p>Gainera,  eskertuko  genizueke  behin  mailegua  itzuli  behar  badiguzue  anomaliaren  baten  berri  emango  badiguzue.  Hau  guztion  onerako  da.<\/p>\n<p>Jaitsi  materialaren  eskaera-orria.<\/p>\n<p>Hartu  dugun  erabaki  hau  ulertuko  duzuelakoan,  jaso  ezazue  agur  bero  bat.<\/p>\n<p>Zuzendaritza  Batzordea<br \/>Nafarroako  Almadiazainen  Kultur  Elkartea<\/p>\n<p><a href=\"https:\/\/almadiasdenavarra.com\/wp-content\/uploads\/2016\/05\/SOLICITUD_EQUIPO.pdf\" target=\"_blank\" rel=\"noopener\">Descarga  (pdf)<\/a><\/p>\n<p>[\/et_pb_text][\/et_pb_column][\/et_pb_row][\/et_pb_section]<\/p>\n","protected":false},"excerpt":{"rendered":"<p>&nbsp;  Nafarroako  Almadiazainen  Kultur  Elkartetik  jakinarazi  nahi  dugu  elkarte  honen  materiala  lagatzeari  buruz  batzarrean  hartu  zen  erabakia.  Gure  materiala  gero  eta  gehiago  eskatzen  zaigula  ikusita,  eta  mantentzeko  sortzen  diren  gastuak  ordaindu  ahal  izateko,  mailegatzen  direnean  kobratzea  erabaki  dugu.  Kioskoaren  prestazioa:  300  \u20ac.  300  euro  kobratuko  dira  kiosko  osoa  alokatzeagatik  eta  150  euro  plataformagatik.  Mailegua  baino  lehen  ordainagiri  bat  eskatuko  da  eta  erantzukizun  zibileko  asegurua  eskatuko  da.  Gainera,  muntatzeko  eta  desmuntatzeko  geralekura  joango  dela  ziurtatuko  da.  Kioskoa  lagatzen  denean,  EZINBESTEKOA  da  muntaketaren  eta  desmuntaketaren  berri  duen  pertsona  baten  laguntza  izatea.&#8221;NAFARROAKO  ALMADIAZAINEN  KULTUR  ELKARTEA  EZ  DA  ARDURATZEN  GURE  MATERIALA  MUNTATZEAZ  ETA  DESMUNTATZEAZ,  ETA  EZ  DU  INOLAKO  ERANTZUKIZUNIK.  MATERIALA  ESKATU  DUEN  TALDEA  EDO  PERTSONA  IZANGO  DA  BALIZKO  GORABEHEREN  ERANTZULE,  ITZULI  ARTE  &#8221;  Gainera,  eskertuko  genizueke  behin  mailegua  itzuli  behar  badiguzue  anomaliaren  baten  berri  emango  badiguzue.  Hau  guztion  onerako  da.  Jaitsi  materialaren  eskaera-orria.  Hartu  dugun  erabaki  hau  ulertuko  duzuelakoan,  jaso  ezazue  agur  bero  bat.  Zuzendaritza  BatzordeaNafarroako  Almadiazainen  Kultur  Elkartea  Descarga  (pdf)<\/p>\n","protected":false},"author":1,"featured_media":0,"parent":0,"menu_order":0,"comment_status":"closed","ping_status":"closed","template":"","meta":{"_et_pb_use_builder":"on","_et_pb_old_content":"<img class=\"alignnone size-medium wp-image-2161\" src=\"https:\/\/almadiasdenavarra.com\/wp-content\/uploads\/2016\/05\/motxila21-300x225.jpg\" alt=\"motxila21\" width=\"300\" height=\"225\"> <img class=\"alignnone size-medium wp-image-2162\" src=\"https:\/\/almadiasdenavarra.com\/wp-content\/uploads\/2016\/05\/solicitud-de-material-300x175.jpg\" alt=\"solicitud-de-material\" width=\"300\" height=\"175\">\r\n\r\nDesde la Asociaci\u00f3n Cultural de Almadieros Navarros queremos comunicar la decisi\u00f3n que se tom\u00f3 en junta y que hace referencia a la cesi\u00f3n de material de esta asociaci\u00f3n.\r\n\r\nViendo que cada vez se nos solicita m\u00e1s nuestro material, y para poder sufragar los gastos que se ocasionan para su mantenimiento, se ha decidido a cobrar cuando sean prestados.\r\n\r\nPrestaci\u00f3n del Kiosko 100\u20ac.&nbsp;<i>Se cobrar\u00e1 100 euros por alquiler, se exigir\u00e1 el seguro de responsabilidad civil, y el certificado de asistencia a la quedada para montaje (s\u00e1bado cross-22 abril 2018-), y desmontaje (lunes puente de la Almad\u00eda - 30 abril 2018).<\/i>\r\nPrestaci\u00f3n equipo m\u00fasica 50 \u20ac\r\n\r\nAclarar que cuando se trate de la cesi\u00f3n del kiosko, es IMPRESCINDIBLE que se cuente con la ayuda de una persona que sepa de su montaje y desmontaje.\r\n\r\n\"LA ASOCIACI\u00d3N CULTURAL DE ALMADIEROS NAVARROS, NO SE HACE CARGO DEL MONTAJE Y DESMONTAJE DE NUESTRO MATERIAL, QUEDANDO EXENTA DE TODA RESPONSABILIDAD. EL COLECTIVO O PERSONA QUE HAYA SOLICITADO EL MATERIAL SER\u00c1 QUIEN SE RESPONSABILICE DE LOS POSIBLES INCIDENTES HASTA SU DEVOLUCI\u00d3N\"\r\n\r\nAdem\u00e1s agradecer\u00edamos que si una vez que vayan a devolvernos lo prestado saben de alguna anomal\u00eda nos lo hagan saber. Esto va en beneficio de tod@s.\r\n\r\nDescargate la hoja de solicitud del material.\r\n\r\nEsperando que entiendan de esta decisi\u00f3n que hemos tomado, reciban un cordial saludo\r\n\r\nJunta Directiva\/ Zuzendaritza Batzordea\r\nAsociaci\u00f3n Cultural de Almadieros Navarros\r\nNafarroako Almadiazainen Kultur Elkartea\r\n\r\n<a href=\"https:\/\/almadiasdenavarra.com\/wp-content\/uploads\/2016\/05\/SOLICITUD_EQUIPO.pdf\" target=\"_blank\" rel=\"noopener\">Descarga (pdf)<\/a>","_et_gb_content_width":"","ngg_post_thumbnail":0,"footnotes":""},"class_list":["post-2228","page","type-page","status-publish","hentry"],"_links":{"self":[{"href":"https:\/\/almadiasdenavarra.com\/eu\/wp-json\/wp\/v2\/pages\/2228","targetHints":{"allow":["GET"]}}],"collection":[{"href":"https:\/\/almadiasdenavarra.com\/eu\/wp-json\/wp\/v2\/pages"}],"about":[{"href":"https:\/\/almadiasdenavarra.com\/eu\/wp-json\/wp\/v2\/types\/page"}],"author":[{"embeddable":true,"href":"https:\/\/almadiasdenavarra.com\/eu\/wp-json\/wp\/v2\/users\/1"}],"replies":[{"embeddable":true,"href":"https:\/\/almadiasdenavarra.com\/eu\/wp-json\/wp\/v2\/comments?post=2228"}],"version-history":[{"count":6,"href":"https:\/\/almadiasdenavarra.com\/eu\/wp-json\/wp\/v2\/pages\/2228\/revisions"}],"predecessor-version":[{"id":17161,"href":"https:\/\/almadiasdenavarra.com\/eu\/wp-json\/wp\/v2\/pages\/2228\/revisions\/17161"}],"wp:attachment":[{"href":"https:\/\/almadiasdenavarra.com\/eu\/wp-json\/wp\/v2\/media?parent=2228"}],"curies":[{"name":"wp","href":"https:\/\/api.w.org\/{rel}","templated":true}]}}