{"id":1861,"date":"2016-03-09T17:20:43","date_gmt":"2016-03-09T17:20:43","guid":{"rendered":"https:\/\/almadiasdenavarra.com\/almadias-de-navarra\/la-asociacion\/internacional\/?lang=eu"},"modified":"2019-01-21T18:06:17","modified_gmt":"2019-01-21T18:06:17","slug":"internacional","status":"publish","type":"page","link":"https:\/\/almadiasdenavarra.com\/eu\/nafarroako-almadiak\/elkartea\/internacional\/","title":{"rendered":"Asociaci\u00f3n  Internacional  de  Almadieros  y  Navateros"},"content":{"rendered":"<p><img loading=\"lazy\" decoding=\"async\" class=\"alignright size-medium wp-image-1806\" src=\"https:\/\/almadiasdenavarra.com\/wp-content\/uploads\/2016\/03\/almadiasobrarbeimg1476-300x271.jpg\" alt=\"almadiasobrarbeimg1476\" width=\"300\" height=\"271\" srcset=\"https:\/\/almadiasdenavarra.com\/wp-content\/uploads\/2016\/03\/almadiasobrarbeimg1476-300x271.jpg 300w, https:\/\/almadiasdenavarra.com\/wp-content\/uploads\/2016\/03\/almadiasobrarbeimg1476.jpg 663w\" sizes=\"(max-width: 300px) 100vw, 300px\" \/>La  Asociaci\u00f3n  Cultural  de  Almadieros  Navarros  es  miembro  de  la  \u201c<strong>Asociaci\u00f3n  Internacional  de  Almadieros  y  Navateros\u201d<\/strong>  junto  con  otras  veinte  asociaciones  de  Arag\u00f3n,  Catalu\u00f1a,  Francia,  Italia,  Canad\u00e1,  Alemania,  Austria,  Noruega  o  Finlandia,  cada  una  de  ellas  representante  de  una  zona  con  tradici\u00f3n  en  la  explotaci\u00f3n  forestal  y  el  transporte  fluvial  de  la  madera.<\/p>\n<p>Sus  objetivos  son  el  estudio  y  la  difusi\u00f3n  de  los  antiguos  sistemas  de  transporte  fluvial,  de  la  vida  y  de  las  costumbres  de  los  almadieros,  el  fomento  de  la  amistad  y  de  la  cooperaci\u00f3n  de  sus  miembros  y  la  puesta  en  com\u00fan  de  las  diferentes  t\u00e9cnicas  empleadas  para  la  construcci\u00f3n  de  las  almad\u00edas.<\/p>\n<p>Creada  en  Barcelona  el  11  de  noviembre  de  1.989,  sus  estatutos  fueron  aprobados  el  Laspu\u00f1a  (Huesca)  en  el  a\u00f1o  1.992  y  firmados  solemnemente  en  Venecia  (Italia)  el  6  de  septiembre  del  mismo  a\u00f1o.<\/p>\n<p>Las  diferentes  asociaciones  se  re\u00fanen  cada  dos  a\u00f1os  en  un  <strong>\u201cEncuentro  internacional\u201d<\/strong>  organizado  por  una  de  las  asociaciones  miembro  con  la  finalidad  de  compartir  experiencias  y  estilos  diferentes,  conocer  de  cerca  c\u00f3mo  fue  el  oficio  de  almadiero  en  aquella  zona  y  estrechar  los  lazos  de  cooperaci\u00f3n  entre  sus  miembros.<\/p>\n<p><img loading=\"lazy\" decoding=\"async\" class=\"size-medium wp-image-1807 aligncenter\" src=\"https:\/\/almadiasdenavarra.com\/wp-content\/uploads\/2016\/03\/almadia_sobrarbeimg1483-300x225.jpg\" alt=\"almadia_sobrarbeimg1483\" width=\"300\" height=\"225\" srcset=\"https:\/\/almadiasdenavarra.com\/wp-content\/uploads\/2016\/03\/almadia_sobrarbeimg1483-300x225.jpg 300w, https:\/\/almadiasdenavarra.com\/wp-content\/uploads\/2016\/03\/almadia_sobrarbeimg1483-768x576.jpg 768w, https:\/\/almadiasdenavarra.com\/wp-content\/uploads\/2016\/03\/almadia_sobrarbeimg1483.jpg 800w\" sizes=\"(max-width: 300px) 100vw, 300px\" \/><\/p>\n<h2>Encuentro  Internacional  2019<\/h2>\n<p>Este  a\u00f1o  se  celebra  el  27\u00ba&nbsp;Encuentro  Internacional  de  Navateros  y  Almadieros  Europeos  que  tendr\u00e1  lugar  en  la  localidad  austriaca  de&nbsp;Alto  Drautal  del  15  de  agosto  de  2019  al  18  de  agosto&nbsp;de  2019.<\/p>\n<p>Los  &#8220;rajers&#8221;  del  Alto  Drautal  os  invitan  cordialmente  a  los  dias  de  &#8220;rajers&#8221;  internacional  2019  en  el  Alto  Drautal.  El  Drava  nace  en  Tirol  de  Sur  (Toblacher  Feld,  IT)  y  desemboca  en  Osijek  (HR)  en  el  Danubio.  Tiene  una  longitud  de  746  km  y  estaba  navegable  con  almadias  desde  Oberdrauburg.<\/p>\n<p>El  Drava  fue  una  de  las  v\u00edas  fluviales  m\u00e1s  importantes  de  Europa  y,  por  lo  tanto,  gan\u00f3  importancia  internacional.  Especialmente  en  la  secci\u00f3n  del  r\u00edo  de  la  parte  superior  del  Drautal,  el  Drava  ten\u00eda  una  importancia  econ\u00f3mica  muy  alta.  Por  eso  fue  llamado  el  &#8220;K\u00e4rntner  Holzstra\u00dfe&#8221;  (calle  madera  carinziana).<\/p>\n<p>El  Drava  puede  (a\u00fan)  ser  conducido  aqu\u00ed  en  una  longitud  de  54  kil\u00f3metros  con  almadias  originales.  Por  esta  raz\u00f3n,  el  Alto  Drautal  fueron  designados  de  la  asociaci\u00f3n  internacional  de  rajers  en  2008  al  valle  del  rajers  y  la  ciudad  del  distrito  Spittal\/  Drau  como  ciudad  de  rajers.<\/p>\n<p>La  asociaci\u00f3n  de  rajers  Alto  Drautal,  consta  de  5  grupos  locales.  Desde  su  fundaci\u00f3n  en  1990,  la  asociaci\u00f3n  organiza  d\u00edas  anuales  de  rafting  en  los  que  se  revive  la  tradici\u00f3n  de  la  antigua  embarcaci\u00f3n  de  almdias  y  se  transmite  a  la  posteridad.<\/p>\n<h3>Actividades  dentro  del  encuentro  internacional.<\/h3>\n<p>Aqu\u00ed  os  facilitamos  el  <a href=\"https:\/\/almadiasdenavarra.com\/wp-content\/uploads\/2019\/01\/Programm-span.pdf\">programa<\/a>&nbsp;y  el  documento  para  la  <a href=\"https:\/\/almadiasdenavarra.com\/wp-content\/uploads\/2019\/01\/Anmeldung-span.pdf\">inscripci\u00f3n<\/a>.<strong>&nbsp;<\/strong>Desde  la  Asociaci\u00f3n  Cultural  de  Almadieros  de  Navarra  os  animaos  a  participar  en  este  encuentro  internacional  as\u00ed  como  en  las  actividades  que  han  organizado.<\/p>\n<p><a href=\"https:\/\/almadiasdenavarra.com\/wp-content\/uploads\/2019\/01\/Einladung-span.pdf\">Invitaci\u00f3n<\/a><\/p>\n<p><a href=\"https:\/\/almadiasdenavarra.com\/wp-content\/uploads\/2019\/01\/Programm-span.pdf\">Programa<\/a><\/p>\n<p><a href=\"https:\/\/almadiasdenavarra.com\/wp-content\/uploads\/2019\/01\/Anmeldung-span.pdf\">incripci\u00f3n<\/a><\/p>\n","protected":false},"excerpt":{"rendered":"<p>La  Asociaci\u00f3n  Cultural  de  Almadieros  Navarros  es  miembro  de  la  \u201cAsociaci\u00f3n  Internacional  de  Almadieros  y  Navateros\u201d  junto  con  otras  veinte  asociaciones  de  Arag\u00f3n,  Catalu\u00f1a,  Francia,  Italia,  Canad\u00e1,  Alemania,  Austria,  Noruega  o  Finlandia,  cada  una  de  ellas  representante  de  una  zona  con  tradici\u00f3n  en  la  explotaci\u00f3n  forestal  y  el  transporte  fluvial  de  la  madera.  Sus  objetivos  [&hellip;]<\/p>\n","protected":false},"author":1,"featured_media":3288,"parent":1859,"menu_order":0,"comment_status":"closed","ping_status":"closed","template":"","meta":{"_et_pb_use_builder":"","_et_pb_old_content":"","_et_gb_content_width":"","ngg_post_thumbnail":0,"footnotes":""},"class_list":["post-1861","page","type-page","status-publish","has-post-thumbnail","hentry"],"_links":{"self":[{"href":"https:\/\/almadiasdenavarra.com\/eu\/wp-json\/wp\/v2\/pages\/1861","targetHints":{"allow":["GET"]}}],"collection":[{"href":"https:\/\/almadiasdenavarra.com\/eu\/wp-json\/wp\/v2\/pages"}],"about":[{"href":"https:\/\/almadiasdenavarra.com\/eu\/wp-json\/wp\/v2\/types\/page"}],"author":[{"embeddable":true,"href":"https:\/\/almadiasdenavarra.com\/eu\/wp-json\/wp\/v2\/users\/1"}],"replies":[{"embeddable":true,"href":"https:\/\/almadiasdenavarra.com\/eu\/wp-json\/wp\/v2\/comments?post=1861"}],"version-history":[{"count":8,"href":"https:\/\/almadiasdenavarra.com\/eu\/wp-json\/wp\/v2\/pages\/1861\/revisions"}],"predecessor-version":[{"id":3290,"href":"https:\/\/almadiasdenavarra.com\/eu\/wp-json\/wp\/v2\/pages\/1861\/revisions\/3290"}],"up":[{"embeddable":true,"href":"https:\/\/almadiasdenavarra.com\/eu\/wp-json\/wp\/v2\/pages\/1859"}],"wp:featuredmedia":[{"embeddable":true,"href":"https:\/\/almadiasdenavarra.com\/eu\/wp-json\/wp\/v2\/media\/3288"}],"wp:attachment":[{"href":"https:\/\/almadiasdenavarra.com\/eu\/wp-json\/wp\/v2\/media?parent=1861"}],"curies":[{"name":"wp","href":"https:\/\/api.w.org\/{rel}","templated":true}]}}