{"id":1853,"date":"2016-03-09T17:33:21","date_gmt":"2016-03-09T17:33:21","guid":{"rendered":"https:\/\/almadiasdenavarra.com\/almadias-de-navarra\/burgui\/?lang=eu"},"modified":"2016-03-09T17:33:21","modified_gmt":"2016-03-09T17:33:21","slug":"burgui","status":"publish","type":"page","link":"https:\/\/almadiasdenavarra.com\/eu\/nafarroako-almadiak\/burgui\/","title":{"rendered":"Burgui"},"content":{"rendered":"<p><img loading=\"lazy\" decoding=\"async\" class=\"alignright size-medium wp-image-1815\" src=\"https:\/\/almadiasdenavarra.com\/wp-content\/uploads\/2016\/03\/burgui28-03-04-300x225.jpg\" alt=\"burgui28-03-04\" width=\"300\" height=\"225\" srcset=\"https:\/\/almadiasdenavarra.com\/wp-content\/uploads\/2016\/03\/burgui28-03-04-300x225.jpg 300w, https:\/\/almadiasdenavarra.com\/wp-content\/uploads\/2016\/03\/burgui28-03-04-768x576.jpg 768w, https:\/\/almadiasdenavarra.com\/wp-content\/uploads\/2016\/03\/burgui28-03-04.jpg 800w\" sizes=\"(max-width: 300px) 100vw, 300px\" \/>La  villa  navarra  de  Burgui  constituye  el  p\u00f3rtico  de  entrada  al  Valle  de  Roncal  por  su  parte  sur  tras  atravesar  la  foz  que  el  r\u00edo  Esca  forma  entre  los  altos  del  Borreguil  (1.420  mts.)  y  la  Virgen  de  la  Pe\u00f1a  (1.294  mts.)  Situado  en  una  encrucijada  fluvial  y  de  carreteras,  se  encuentra  a  629  mts.  de  altitud  y  a  77  kms.  de  Pamplona.<\/p>\n<p>El  caser\u00edo  de  Burgui  se  agrupa  en  la  margen  derecha  del  r\u00edo  Esca  en  posici\u00f3n  escalonada.  Se  caracteriza  por  sus  calles  empedradas  y  las  casonas  de  teja  curva  y  tejados  bastante  apuntados  con  aleros  saledizos  y  chimeneas  cil\u00edndricas  -ya  escasas-  de  tipo  pirenaico.<\/p>\n<p>&nbsp;<\/p>\n<p><img loading=\"lazy\" decoding=\"async\" class=\"size-medium wp-image-1816 aligncenter\" src=\"https:\/\/almadiasdenavarra.com\/wp-content\/uploads\/2016\/03\/carbonera028-300x226.jpg\" alt=\"carbonera028\" width=\"300\" height=\"226\" srcset=\"https:\/\/almadiasdenavarra.com\/wp-content\/uploads\/2016\/03\/carbonera028-300x226.jpg 300w, https:\/\/almadiasdenavarra.com\/wp-content\/uploads\/2016\/03\/carbonera028-768x578.jpg 768w, https:\/\/almadiasdenavarra.com\/wp-content\/uploads\/2016\/03\/carbonera028.jpg 797w\" sizes=\"(max-width: 300px) 100vw, 300px\" \/><\/p>\n","protected":false},"excerpt":{"rendered":"<p>La  villa  navarra  de  Burgui  constituye  el  p\u00f3rtico  de  entrada  al  Valle  de  Roncal  por  su  parte  sur  tras  atravesar  la  foz  que  el  r\u00edo  Esca  forma  entre  los  altos  del  Borreguil  (1.420  mts.)  y  la  Virgen  de  la  Pe\u00f1a  (1.294  mts.)  Situado  en  una  encrucijada  fluvial  y  de  carreteras,  se  encuentra  a  629  mts.  [&hellip;]<\/p>\n","protected":false},"author":1,"featured_media":0,"parent":1829,"menu_order":0,"comment_status":"closed","ping_status":"closed","template":"","meta":{"_et_pb_use_builder":"","_et_pb_old_content":"","_et_gb_content_width":"","ngg_post_thumbnail":0,"footnotes":""},"class_list":["post-1853","page","type-page","status-publish","hentry"],"_links":{"self":[{"href":"https:\/\/almadiasdenavarra.com\/eu\/wp-json\/wp\/v2\/pages\/1853","targetHints":{"allow":["GET"]}}],"collection":[{"href":"https:\/\/almadiasdenavarra.com\/eu\/wp-json\/wp\/v2\/pages"}],"about":[{"href":"https:\/\/almadiasdenavarra.com\/eu\/wp-json\/wp\/v2\/types\/page"}],"author":[{"embeddable":true,"href":"https:\/\/almadiasdenavarra.com\/eu\/wp-json\/wp\/v2\/users\/1"}],"replies":[{"embeddable":true,"href":"https:\/\/almadiasdenavarra.com\/eu\/wp-json\/wp\/v2\/comments?post=1853"}],"version-history":[{"count":0,"href":"https:\/\/almadiasdenavarra.com\/eu\/wp-json\/wp\/v2\/pages\/1853\/revisions"}],"up":[{"embeddable":true,"href":"https:\/\/almadiasdenavarra.com\/eu\/wp-json\/wp\/v2\/pages\/1829"}],"wp:attachment":[{"href":"https:\/\/almadiasdenavarra.com\/eu\/wp-json\/wp\/v2\/media?parent=1853"}],"curies":[{"name":"wp","href":"https:\/\/api.w.org\/{rel}","templated":true}]}}