{"id":1833,"date":"2016-03-09T17:23:14","date_gmt":"2016-03-09T17:23:14","guid":{"rendered":"https:\/\/almadiasdenavarra.com\/almadias-de-navarra\/almadias\/almadia-de-oro\/?lang=eu"},"modified":"2025-03-26T18:55:45","modified_gmt":"2025-03-26T18:55:45","slug":"almadia-de-oro","status":"publish","type":"page","link":"https:\/\/almadiasdenavarra.com\/eu\/nafarroako-almadiak\/almadia-de-oro\/","title":{"rendered":"Urrezko  Almadia"},"content":{"rendered":"<p><img loading=\"lazy\" decoding=\"async\" class=\"size-medium wp-image-1810 alignright\" src=\"https:\/\/almadiasdenavarra.com\/wp-content\/uploads\/2016\/03\/p5013398itxako-300x225.jpg\" alt=\"OLYMPUS DIGITAL CAMERA\" width=\"300\" height=\"225\" srcset=\"https:\/\/almadiasdenavarra.com\/wp-content\/uploads\/2016\/03\/p5013398itxako-300x225.jpg 300w, https:\/\/almadiasdenavarra.com\/wp-content\/uploads\/2016\/03\/p5013398itxako-768x576.jpg 768w, https:\/\/almadiasdenavarra.com\/wp-content\/uploads\/2016\/03\/p5013398itxako.jpg 800w\" sizes=\"(max-width: 300px) 100vw, 300px\" \/><\/p>\n<p>Nafarroako  Almadiazainen  Kultur  Elkarteak  Almadiaren  Eguna  baliatu  nahi  du  almadiazainen  lanbidearekin  edo  haren  hedapen  edo  sustapenarekin  zerikusia  duten  pertsona  edo  erakundeak  omentzeko,  bai  eta  kultura,  kirol,  zientzia  edo  giza  balioagatik  nabarmentzen  diren  pertsonak  omentzeko  ere.  Aitorpen  hori  Almadiaren  Eguneko  ekitaldien  barruan  \u201cUrrezko  Almadia\u201d  deiturikoa  eman  eta  publikoki  ematean  islatzen  da.<\/p>\n<p><img loading=\"lazy\" decoding=\"async\" class=\"size-medium wp-image-1811 alignright\" src=\"https:\/\/almadiasdenavarra.com\/wp-content\/uploads\/2016\/03\/img_6823_labordeta_almadia_oro-225x300.jpg\" alt=\"img_6823_labordeta_almadia_oro\" width=\"225\" height=\"300\" srcset=\"https:\/\/almadiasdenavarra.com\/wp-content\/uploads\/2016\/03\/img_6823_labordeta_almadia_oro-225x300.jpg 225w, https:\/\/almadiasdenavarra.com\/wp-content\/uploads\/2016\/03\/img_6823_labordeta_almadia_oro.jpg 600w\" sizes=\"(max-width: 225px) 100vw, 225px\" \/><\/p>\n<p>Hauek  izan  dira  aurreko  edizioetako  sarituak:<\/p>\n<p>\u2022  1998<\/p>\n<p>\u00a0\u2013  Francisco  Javier  Beunza:  Nafarroako  Almadiazainen  Kultur  elkartearen  bultzatzaile  eta  sortzailea<br \/>\n\u2022  1998  \u2013  Pedro  Miguel  Etxenike:  fisikaria,  \u201cVianako  Printzea\u201d  saria  eta  \u201cAsturiasko  Printzea\u201d  saria,  Eusko  Jaurlaritzako  Kultura  sailburu  ohia.<br \/>\n\u2022  1998  \u2013  I\u00f1aki  Perurena:  harri-jasotzailea.<br \/>\n\u2022  1999  \u2013  Florencio  Idoate:  historialaria  eta  ikertzailea,  Nafarroako  Artxibo  Nagusiko  zuzendari  ohia  eta  almadiei  buruzko  hainbat  lanen  egilea.<br \/>\n\u2022  2000  \u2013  Jos\u00e9  Ayerra,  Juan  Urzainqui,  Jes\u00fas  Sanz  eta  Lorenzo  Elizalde:  Burgiko  almadiazain  beteranoak,  azken  hau  100  urte  dituena<br \/>\n\u2022  2000  \u2013  Migueltxo  Saralegui:  harri-jasotzailea.<br \/>\n\u2022  2000  \u2013  Jos\u00e9  Mar\u00eda  Jimeno  Jur\u00edo:  idazle  eta  historialaria,  Erronkaribarko  zenbait  lanen  egilea.<br \/>\n\u2022  2001  \u2013  Juan  Sanz  eta  Crisanto  Pasquel:  almadiazain  beterano  erronkariarrak.<br \/>\n\u2022  2001  \u2013  Angel  Portet:  Noguera  Pallaresako  dels  Raiers  Kultur  Elkarteko  lehendakaria  (Lleida)  eta  Almadiazainen  Nazioarteko  Elkartearen  sortzailea.<br \/>\n\u2022  2001  \u2013  Miguel  Indurain:  Nafarroako  txirrindularia,  Frantziako  Tourra  bost  urtez  jarraian  irabazi  zuen.<br \/>\n\u2022  2002  \u2013  Estorn\u00e9s  Lasa  anaiak  (Jos\u00e9,  Mariano  eta  Bernardo):  idazleak  eta  historialariak,  batez  ere  almadiazainen  ondarea  berreskuratzeko  eta  zabaltzeko  egindako  ekarpenagatik.<br \/>\n\u2022  2002  \u2013  Fernando  Arretxe:  pilotaria,  buruz  buruko  txapela  bi  aldiz,  lau  eta  erdikoa  behin  eta  binakakoa  hirutan  lortu  zituen.<br \/>\n\u2022  2003  \u2013  F\u00e9lix  Iribarren,  Carmelo  Azn\u00e1rez,  Roberto  Barberena,  Esteban  Udi  eta  Victorio  Iribarren:  Zaraitzu  ibarreko  azken  almadiazain  beteranoak,  zaraitzuko  almadiazain  guztien  izenean.<br \/>\n\u2022  2003  \u2013  C\u00e9sar  Cruchaga:  Osasuna  futbol  taldeko  jokalaria,  jatorriz  Zaraitzukoa.<br \/>\n\u2022  2004  \u2013  Pedro  Vicente  Gambra:  XVIII.  mendean,  Pirinioetako  Nafarroako  haranetako  basogintzaren  eta  almadiazain-trafikoaren  bultzatzaile  izan  zen.<br \/>\n\u2022  2004  \u2013  Carlos  Sobera:  aktore  eta  telebistako  aurkezle  ezaguna.<br \/>\n\u2022  2005  \u2013  Juan  Cruz  Labeaga  Mendiola:  historialaria  eta  etnografoa,  \u201cAlmad\u00edas  en  Navarra.  Merindad  de  Sang\u00fcesa\u201d  liburuaren  egilea.<br \/>\n\u2022  2005  \u2013  Sandra  G\u00f3mez:  bular  estiloan  100  metroko  urrezko  txapelduna  Atenasko  Paraolinpiadetan.<br \/>\n\u2022  2006  \u2013  Zangozako  hiria:  almadiazainaren  merkataritza  eta  trafikoarekin  duen  loturagatik,  eta  mendeetan  zehar  Zaraitzu,  Erronkari,  Anso  eta  Echo  almadiadiazaineei  eman  zieten  abegiagatik.<br \/>\n\u2022  2006  \u2013  Miguel  de  la  Quadra-Salcedo  eta  Gayarre:  nazioartean\u00a0  abenturazale  ospetsua,  Erronkariko  familia-aurrekariak  dituena,  Quetzal  Ibilbidea  sortu  duena,  eta  TVEko  kazetaria.<br \/>\n\u2022  2006  \u2013  F\u00e9lix  Sanz  Zabalza:  Burgiko  historialaria.  Almadiazainaren  ondarea  berreskuratzeko  lanean  zuzeneko  eragina  duten  zenbait  libururen  egilea:  \u201cMaderistas  y  almadieros  del  Roncal.  1945-1955\u201d  (1993),  \u201cViejos  usos,  palabras  y  expresiones  de  Burgui\u201d  (1997),  \u201cBurgui,  un  pueblo  con  historia\u201d  (2001),  y  \u201cViejos  y  nuevos  relatos\u201d  (2005).<br \/>\n\u2022  2007  \u2013  Julio  eta  P\u00edo  Caro  Baroja  anaiek  1970ean  eta  1971n  filmatutako  \u201cNavarra,  las  cuatro  estaciones\u201d  dokumentalaren  grabazioan  egindako  lanari,  esker  onez.  Dokumental  horretan,  Nafarroako  Pirinioetako  ibaietan  almadiazainen  trafikoa  islatu  zuten  ,  almadia  baten  jeitsiera  birsortuz  Burgin.<br \/>\n\u2022  2007  \u2013  Echo  eta  Ans\u00f3  ibarrak:  almadiazainen  trafikoaren  aitzindariak  Pirinioetan,  XIV.  mendetik  Huescako  haran  horietan  dokumentatuta.<br \/>\n\u2022  2008  \u2013  Lleidako  La  Pobla  de  Segur  herria,  Noguera  Pallaresa  ibaiaren  ertzean  kokatua;  iraganean,  almadien  edo  raisen  bidez  zura  garraiatzeko  ibai-portu  garrantzitsua  izan  zen.<br \/>\n\u2022  2009  \u2013  Jos\u00e9  Antonio  Labordeta,  kantautorea  eta  idazlea,  bere  garaian  \u201cherrialde  bat  motxilan\u201d  sartzeko  gai  izan  zena,  eta  pantaila  txikira  landa-munduaren  giza  alderdia  gerturatzen  jakin  izan  zuen  errespetu  handiz,  maitasunez  eta  mirespenez;  programa  horietako  bat  Erronkariko  ibarrari  eskaini  zion,  eta,  besteak  beste,  gure  herri  eta  jendeen  iragan  almadiazainaren  berri  eman  zuen.<br \/>\n\u2022  2009  \u2013  Almaiazainen  tradizioak  Agurain  de  Esca  eta  Sig\u00fc\u00e9s  (Zaragoza)  Aragoiko  herriak  hartzen  ditu.  Herri  horiek  aldameneko  herriak  eta  lagunak  ziren,  eta  zeregin  garrantzitsua  izan  zuten  Erronkariko  zuraren  garraioan,  Esca  ibaiaren  ibilguan,  erronkaribarreko  almadiazainekin  batera  lan  eginez.<br \/>\n\u2022  2010  \u2013  Biarnoko  Aspe  eta  Olor\u00f3n  ibaietako\u00a0  Almadiazainen  Elkartea  (Frantzia)  .  Talde  horrek  antzinako  tradizioa  berreskuratu  du:  egurra  baltsetan  garraiatzea  ibaian  zehar,  Biarnoko  Aspeko  ibarrean.  XVII.  mendeko  almadiazainen  trafikoa  gogoratuko  du,  Frantziako  Marina  Erreala  mastez  hornitzeko.<br \/>\n\u2022  2010  \u2013  Itxako  Reyno  de  Navarra  emakumezkoen  eskubaloi-taldeak,  aurreko  denboraldian  Espainiako  ligako  titulua  eta  EHF  Kopa  lortu  zituen  kirol-merezimenduengatik,  eta  denboraldi  honetan  Espainiako  Superkopa  eta  Erregina  Kopa  altxatu  ahal  izan  dituena.<br \/>\n\u2022  2011  \u2013  Juantxo  Garzia  de  Azilu,  boluntario  nekaezin  honen  oroitzapen  eta  esker  onetik,  Juantxoren  irudiak  Almadiaren  Egunean  urtero  izaten  den  arrakastaren  atzean  dauden  boluntario  guztiak  irudikatzen  ditu,  baita  Almadiaren  Museoan  edo  ofizioak  berreskuratzen  lagundu  dutenak  ere.<br \/>\n\u2022  2011  \u2013  Mikel  Zabalza  mendizalea;  izan  ere,  une  honetan  azpimarratzekoa  da  bere  jarduera  ikusgarriagatik,  bai  gure  inguruko  gailurretan,  bai  mundu  osoko  mendi  eta  hormetan  zehar  ere.<br \/>\n\u2022  2012  \u2013  Fernando  Hualde,  ondarea  berreskuratzeko  eta  bere  aldaera  guztietan  zabaltzeko  egindako  ekarpenagatik.  Ikertzailea,  historialaria,  etnografoa\u2026,  oro  har,  Nafarroako  eta,  bereziki,  Erronkariko  Ibarreko  kultura  eta  ondarea  berreskuratzeko  eta  balioesteko  egindako  ekarpena.<br \/>\n\u2022  2012  \u2013  Nafarroako  Odol  Emaileen  Elkartea  \u2013  ADONA.  Bere  helburu  nagusia  hurkoari  laguntzea  da,  odola  emanez.<br \/>\n\u2022  2013  \u2013  Motxila  21,  Nafarroako  Down  Sindromea  Elkartearen  ordezkari  gisa,  urritasun  hori  duen  kolektiboaren  eskubideen  alde  egindako  lana  eta\u00a0bizi-kalitatea  hobetzeko  egindako  lana  aintzatesteko.<br \/>\n\u2022  2013  &#8211;  \u201cJarauta  69\u201d  txaranga,  Nafarroako  jai-gunetako  giroa  alaitzeagatik,  batez  ere  Burgi  hiribildua.<br \/>\n\u2022  2014  \u2013  Gure  adinekoei,  haiengandik  jaso  dugun  guztia  transmititzeagatik,  almadia-kultura  babestuta  geratu  da,  haiek  pasatu  digute  haien  transmisioaren  lekukoa.  Bere  iritzia  sakratua  zen,  bere  aholkuak  lege  ziren  eta  bere  ezagutzak,  suaren  beroan,  belaunaldiz  belaunaldi  pasatzen  eta  transmititzen  ziren  ondare  bat  ziren.<br \/>\n\u2022  2014  \u2013Tajo  Garaiko  &#8220;gancheroak&#8221;,  zurak  Tajo  Garaiko  ibaiadarren  ibilguetatik  eramateaz  arduratzen  zirenak,  gure  Ezkaren  antzera,  estutasunaren  eta  emari  irregularren  zailtasuna  zutenak.<br \/>\n\u2022  2015  \u2013  ADANO  Nafarroako  haur  minbizidunei  laguntzeko  elkartea,  minbizia  duten  txikienen  ongizateari  egiten  dioten  ekarpenagatik  eta  dibulgazio-lanagatik.<br \/>\n\u2022  2015  \u2013  Fonda  O\u00f1os  de  Milagro,  hainbat  hamarkadatan  Nafarroako  Erriberaraino  iristen  ziren  almadiazainak  hartu  zituena.<br \/>\n\u2022  2016  \u2013  Paris  365  jangela  soziala,  behartsuenak  elikatzen  eta  baliabide  gutxien  dituzten  pertsonen  bizitza  hobetzeko  tresnak  sortzen  egindako  lanagatik.<br \/>\n\u2022  2016  \u2013  Juli\u00e1n  Gayarreren  familia,  haranaren  garapenean  parte  hartu  zuen  tenore  erronkariarrak,  hainbat  herri  eta  erakunderi  lagundu  zien  XIX.  mendean.<br \/>\n\u2022  2017  \u2013  Nafarroako  Mendi  Kirol  eta  Eskalada  Federazioak,  Pirinioetan  hamarkadetan  egindako  lana  aitortzeko.<br \/>\n\u2022  2017  \u2013  Laura  Sola,  mendiko  lasterketetan  espezializatutako  Uztarrozeko  atleta,  2018ko  Espainiako  Ultra  txapelduna  eta  2017ko  Skyrunningeko  Munduko  Kopako  zazpigarrena.<br \/>\n\u2022  2018  \u2013  Gorka  Aguinaga,  Zaraitzuko  sukaldaria  jatorriz,  hainbat  sukaldaritza-sariren  irabazlea  eta  sukaldaritza  tradizionalean  sustraiak  dituen  sukaldaritza  berritzailearen  balioen  dibulgatzailea.<br \/>\n\u2022  2018  \u2013  Nafarroako  Euskal  Pilota  Federazioa  eta  Pirinioetan  pilota-jokoa  sustatzen  duen  &#8220;Toki  Ederra&#8221;  Pilota  Eskola.<br \/>\n\u2022  2019  \u2013  Tolosako  boluntarioak,  Burgiko  kultur  jarduera  guztietan  parte  hartu  dutenak.  Horietako  asko  Elizpe  Elkartearen  inguruan  elkartuta  daude.  Elkarte  hori  Burgin  dago  duela  hamarkada  batzuetatik,  eta  herriko  eta  ibarreko  bizitzan  inplikatuta  dago.<br \/>\n\u2022  2019  \u2013  Seraf\u00edn  Zubiri  artista,  bere  ibilbide  artistikoagatik  eta  bere  kirol  lorpenengatik  ezaguna:  duela  25  urte  Aconcaguara  igo  ziren  hiru  mendizale  itsuetako  bat  izateaz  gain,  Serafinek  naturaz  gozatu  du  eta  mota  guztietako  lasterketa  eta  lehiaketetan  parte  hartu  du.<br \/>\n\u2022  2020  eta  2021  \u2013  Ez  zen  Almadiaren  Eguna  ospatu,  Covid  19ak  eragindako  osasun-krisiagatik.<br \/>\n\u2022  2022  \u2013  Javier  Eseverri  Barace,  Otsagabian  jaio  eta  Osasuna  Magna  Klubean  (lehen  Xota  deitua)  garatutako  areto-futboleko  jokalariaren  ibilbide  bikainagatik,  Europako  txapelduna  eta  Espainiako  selekzioarekin  Munduko  txapeldunordea.<br \/>\n\u2022  2022  \u2013  AstroRoncal\/ErronkaRizar,  Erronkaribarra  eta  Pirinioetako  beste  eremu  batzuk  garatzeko  lan  egiten  duen  kolektiboa,  hala  nola  &#8220;Starlight  helmuga  turistikoa&#8221;.<br \/>\n\u2022  2023  \u2013  Erronkariko  Gaztaren  Jatorrizko  Izendapena,  Erronkariko  Haranaren  garapen  ekonomiko  eta  sozialean  lan  egiten  duen  erakundea  delako  eta  Pirinioetan  mota  guztietako  ekimenei  laguntzen  dielako,  horien  artean  Almadia  Eguna.<br \/>\n\u2022  2023  \u2013  C\u00e9sar  Oroz.  ilustratzaile  eta  artista  nafarra,  marrazkilari  eta  umorista  gisa  egindako  lanagatik,  dibulgazio  historikoaren  esparruan  egindako  lanagatik  eta  Nafarroan  eta  Nafarroatik  kanpo  egindako  ibilbide  propio  eta  aintzatetsiagatik.<br \/>\n\u2022  2024  \u2013  Xabier  Agotek  2024ko  Urrezko  Almadia  jaso  du  euskal  baleontzi  bat  berreraikitzeko  eginiko  lanak  aitortzeearren.  Izan  ere,  Zaraitzu  ibarreko  izei  izugarriak  ditu,  Pasaiatik  Ternuara  (Kanada)  nabigatuko  duen  ontzi  baten  belei  eutsiko  dietenak.<br \/>\n\u2022  2024  \u2013  Orhipean  Ofizioak  eta  Usadioak  Elkarteak  2024ko  Urrezko  Almadia  jaso  du  Pirinioetako  ekimen  berezienetako  bat  izateagatik.  2003.urtetik  \u201cOrhipean  xeia\u201d  antolatzen  duten  Otsagabiako  eta  Zaraitzuko  boluntarioen  lana  aitortu  eta  goraipatu  nahi  dugu,  herrietako  bizitza  1900.  urtean  zen  bezala  birsortzen  baitute.<\/p>\n<p>\ns.<\/p>\n","protected":false},"excerpt":{"rendered":"<p>Nafarroako  Almadiazainen  Kultur  Elkarteak  Almadiaren  Eguna  baliatu  nahi  du  almadiazainen  lanbidearekin  edo  haren  hedapen  edo  sustapenarekin  zerikusia  duten  pertsona  edo  erakundeak  omentzeko,  bai  eta  kultura,  kirol,  zientzia  edo  giza  balioagatik  nabarmentzen  diren  pertsonak  omentzeko  ere.  Aitorpen  hori  Almadiaren  Eguneko  ekitaldien  barruan  \u201cUrrezko  Almadia\u201d  deiturikoa  eman  eta  publikoki  ematean  islatzen  da.  Hauek  izan  dira  aurreko  edizioetako  [&hellip;]<\/p>\n","protected":false},"author":1,"featured_media":0,"parent":1829,"menu_order":0,"comment_status":"closed","ping_status":"closed","template":"","meta":{"_et_pb_use_builder":"","_et_pb_old_content":"","_et_gb_content_width":"","ngg_post_thumbnail":0,"footnotes":""},"class_list":["post-1833","page","type-page","status-publish","hentry"],"_links":{"self":[{"href":"https:\/\/almadiasdenavarra.com\/eu\/wp-json\/wp\/v2\/pages\/1833","targetHints":{"allow":["GET"]}}],"collection":[{"href":"https:\/\/almadiasdenavarra.com\/eu\/wp-json\/wp\/v2\/pages"}],"about":[{"href":"https:\/\/almadiasdenavarra.com\/eu\/wp-json\/wp\/v2\/types\/page"}],"author":[{"embeddable":true,"href":"https:\/\/almadiasdenavarra.com\/eu\/wp-json\/wp\/v2\/users\/1"}],"replies":[{"embeddable":true,"href":"https:\/\/almadiasdenavarra.com\/eu\/wp-json\/wp\/v2\/comments?post=1833"}],"version-history":[{"count":3,"href":"https:\/\/almadiasdenavarra.com\/eu\/wp-json\/wp\/v2\/pages\/1833\/revisions"}],"predecessor-version":[{"id":17079,"href":"https:\/\/almadiasdenavarra.com\/eu\/wp-json\/wp\/v2\/pages\/1833\/revisions\/17079"}],"up":[{"embeddable":true,"href":"https:\/\/almadiasdenavarra.com\/eu\/wp-json\/wp\/v2\/pages\/1829"}],"wp:attachment":[{"href":"https:\/\/almadiasdenavarra.com\/eu\/wp-json\/wp\/v2\/media?parent=1833"}],"curies":[{"name":"wp","href":"https:\/\/api.w.org\/{rel}","templated":true}]}}